{"id":6228,"date":"2026-03-10T04:00:16","date_gmt":"2026-03-10T08:00:16","guid":{"rendered":"https:\/\/www.paysagesrossignol.com\/product\/tomate-roma-vf\/"},"modified":"2026-05-04T10:22:29","modified_gmt":"2026-05-04T14:22:29","slug":"tomate-roma-vf","status":"publish","type":"product","link":"https:\/\/www.paysagesrossignol.com\/en\/product\/tomate-roma-vf\/","title":{"rendered":"Tomate Roma VF"},"content":{"rendered":"<h1>Voir disponibilit\u00e9 en magasin<\/h1>\n<p>C&#8217;est la plus connue des tomates \u00e0 pur\u00e9e et peut aussi servir pour les sauces et le ketchup. Le fruit de 85 g (3 oz) en forme de poire est de couleur rouge-orang\u00e9. Les plants tr\u00e8s performants produisent des fruits avec peu de graines et une chair riche et charnue. Ajoute du corps \u00e0 tout plat cuisin\u00e9. R\u00e9sistante aux maladies. D\u00e9termin\u00e9e &#8211; aucun tuteur n\u00e9cessaire. *apr\u00e8s la transplantation au jardin.<\/p>\n<p>*65-70 jours \u00e0 la r\u00e9colte<\/p>\n<p>McKenzie<\/p>\n","protected":false},"excerpt":{"rendered":"<p>Voir disponibilit\u00e9 en magasin C&#8217;est la plus connue des tomates \u00e0 pur\u00e9e et peut aussi servir pour les sauces et le ketchup. Le fruit de 85 g (3 oz) en forme de poire est de couleur rouge-orang\u00e9. Les plants tr\u00e8s performants produisent des fruits avec peu de graines et une chair riche et charnue. Ajoute [&hellip;]<\/p>\n","protected":false},"featured_media":6229,"comment_status":"closed","ping_status":"open","template":"","meta":{"_acf_changed":false,"_seopress_robots_primary_cat":"","_seopress_titles_title":"","_seopress_titles_desc":"","_seopress_robots_index":"","_seopress_analysis_target_kw":""},"product_brand":[],"product_cat":[31,39],"product_tag":[],"class_list":{"0":"post-6228","1":"product","2":"type-product","3":"status-publish","4":"has-post-thumbnail","6":"product_cat-amenagement-jardin","7":"product_cat-semence-potagere","9":"first","10":"instock","11":"taxable","12":"shipping-taxable","13":"purchasable","14":"product-type-simple"},"acf":[],"_links":{"self":[{"href":"https:\/\/www.paysagesrossignol.com\/en\/wp-json\/wp\/v2\/product\/6228","targetHints":{"allow":["GET"]}}],"collection":[{"href":"https:\/\/www.paysagesrossignol.com\/en\/wp-json\/wp\/v2\/product"}],"about":[{"href":"https:\/\/www.paysagesrossignol.com\/en\/wp-json\/wp\/v2\/types\/product"}],"replies":[{"embeddable":true,"href":"https:\/\/www.paysagesrossignol.com\/en\/wp-json\/wp\/v2\/comments?post=6228"}],"wp:featuredmedia":[{"embeddable":true,"href":"https:\/\/www.paysagesrossignol.com\/en\/wp-json\/wp\/v2\/media\/6229"}],"wp:attachment":[{"href":"https:\/\/www.paysagesrossignol.com\/en\/wp-json\/wp\/v2\/media?parent=6228"}],"wp:term":[{"taxonomy":"product_brand","embeddable":true,"href":"https:\/\/www.paysagesrossignol.com\/en\/wp-json\/wp\/v2\/product_brand?post=6228"},{"taxonomy":"product_cat","embeddable":true,"href":"https:\/\/www.paysagesrossignol.com\/en\/wp-json\/wp\/v2\/product_cat?post=6228"},{"taxonomy":"product_tag","embeddable":true,"href":"https:\/\/www.paysagesrossignol.com\/en\/wp-json\/wp\/v2\/product_tag?post=6228"}],"curies":[{"name":"wp","href":"https:\/\/api.w.org\/{rel}","templated":true}]}}