{"id":6242,"date":"2026-03-10T04:00:11","date_gmt":"2026-03-10T08:00:11","guid":{"rendered":"https:\/\/www.paysagesrossignol.com\/product\/tomate-yellow-pearshaped\/"},"modified":"2026-05-04T10:23:23","modified_gmt":"2026-05-04T14:23:23","slug":"tomate-yellow-pearshaped","status":"publish","type":"product","link":"https:\/\/www.paysagesrossignol.com\/en\/product\/tomate-yellow-pearshaped\/","title":{"rendered":"Tomate Yellow Pearshaped"},"content":{"rendered":"<h1>Voir disponibilit\u00e9 en magasin<\/h1>\n<p>Une superbe tomate jaune miniature de 2,5-3 cm (1 \u00e0 1 1\/4&#8243;) en forme de poire qui a un go\u00fbt l\u00e9ger sucr\u00e9. Excellente en salade, en pr\u00e9serve ou frais. Les rameaux produisent \u00e0 profusion. Ind\u00e9termin\u00e9e &#8211; exige un tuteur. *apr\u00e8s la transplantation au jardin<\/p>\n<p>*69 jours \u00e0 la r\u00e9colte<\/p>\n<p>McKenzie<\/p>\n","protected":false},"excerpt":{"rendered":"<p>Voir disponibilit\u00e9 en magasin Une superbe tomate jaune miniature de 2,5-3 cm (1 \u00e0 1 1\/4&#8243;) en forme de poire qui a un go\u00fbt l\u00e9ger sucr\u00e9. Excellente en salade, en pr\u00e9serve ou frais. Les rameaux produisent \u00e0 profusion. Ind\u00e9termin\u00e9e &#8211; exige un tuteur. *apr\u00e8s la transplantation au jardin *69 jours \u00e0 la r\u00e9colte McKenzie<\/p>\n","protected":false},"featured_media":6243,"comment_status":"closed","ping_status":"open","template":"","meta":{"_acf_changed":false,"_seopress_robots_primary_cat":"","_seopress_titles_title":"","_seopress_titles_desc":"","_seopress_robots_index":"","_seopress_analysis_target_kw":""},"product_brand":[],"product_cat":[31,39],"product_tag":[],"class_list":{"0":"post-6242","1":"product","2":"type-product","3":"status-publish","4":"has-post-thumbnail","6":"product_cat-amenagement-jardin","7":"product_cat-semence-potagere","9":"first","10":"instock","11":"taxable","12":"shipping-taxable","13":"purchasable","14":"product-type-simple"},"acf":[],"_links":{"self":[{"href":"https:\/\/www.paysagesrossignol.com\/en\/wp-json\/wp\/v2\/product\/6242","targetHints":{"allow":["GET"]}}],"collection":[{"href":"https:\/\/www.paysagesrossignol.com\/en\/wp-json\/wp\/v2\/product"}],"about":[{"href":"https:\/\/www.paysagesrossignol.com\/en\/wp-json\/wp\/v2\/types\/product"}],"replies":[{"embeddable":true,"href":"https:\/\/www.paysagesrossignol.com\/en\/wp-json\/wp\/v2\/comments?post=6242"}],"wp:featuredmedia":[{"embeddable":true,"href":"https:\/\/www.paysagesrossignol.com\/en\/wp-json\/wp\/v2\/media\/6243"}],"wp:attachment":[{"href":"https:\/\/www.paysagesrossignol.com\/en\/wp-json\/wp\/v2\/media?parent=6242"}],"wp:term":[{"taxonomy":"product_brand","embeddable":true,"href":"https:\/\/www.paysagesrossignol.com\/en\/wp-json\/wp\/v2\/product_brand?post=6242"},{"taxonomy":"product_cat","embeddable":true,"href":"https:\/\/www.paysagesrossignol.com\/en\/wp-json\/wp\/v2\/product_cat?post=6242"},{"taxonomy":"product_tag","embeddable":true,"href":"https:\/\/www.paysagesrossignol.com\/en\/wp-json\/wp\/v2\/product_tag?post=6242"}],"curies":[{"name":"wp","href":"https:\/\/api.w.org\/{rel}","templated":true}]}}