{"id":6489,"date":"2026-03-10T04:00:10","date_gmt":"2026-03-10T08:00:10","guid":{"rendered":"https:\/\/www.paysagesrossignol.com\/product\/epinard-verdil\/"},"modified":"2026-05-04T10:25:51","modified_gmt":"2026-05-04T14:25:51","slug":"epinard-verdil","status":"publish","type":"product","link":"https:\/\/www.paysagesrossignol.com\/en\/product\/epinard-verdil\/","title":{"rendered":"\u00c9pinard Verdil &#8211; Bio"},"content":{"rendered":"<h1>Voir disponibilit\u00e9 en magasin<\/h1>\n<p>\u00c9pinards vert fonc\u00e9 aux feuilles fondantes. Bonne tol\u00e9rance au froid. Pour semis au printemps ou \u00e0 l\u2019automne.<\/p>\n<p>300 semences<\/p>\n<p>Tournesol<\/p>\n<p>&nbsp;<\/p>\n<p>&nbsp;<\/p>\n","protected":false},"excerpt":{"rendered":"<p>Voir disponibilit\u00e9 en magasin \u00c9pinards vert fonc\u00e9 aux feuilles fondantes. Bonne tol\u00e9rance au froid. Pour semis au printemps ou \u00e0 l\u2019automne. 300 semences Tournesol &nbsp; &nbsp;<\/p>\n","protected":false},"featured_media":6490,"comment_status":"closed","ping_status":"open","template":"","meta":{"_acf_changed":false,"_seopress_robots_primary_cat":"","_seopress_titles_title":"","_seopress_titles_desc":"","_seopress_robots_index":"","_seopress_analysis_target_kw":""},"product_brand":[],"product_cat":[31,37],"product_tag":[],"class_list":{"0":"post-6489","1":"product","2":"type-product","3":"status-publish","4":"has-post-thumbnail","6":"product_cat-amenagement-jardin","7":"product_cat-semence-biologique","9":"first","10":"instock","11":"taxable","12":"shipping-taxable","13":"purchasable","14":"product-type-simple"},"acf":[],"_links":{"self":[{"href":"https:\/\/www.paysagesrossignol.com\/en\/wp-json\/wp\/v2\/product\/6489","targetHints":{"allow":["GET"]}}],"collection":[{"href":"https:\/\/www.paysagesrossignol.com\/en\/wp-json\/wp\/v2\/product"}],"about":[{"href":"https:\/\/www.paysagesrossignol.com\/en\/wp-json\/wp\/v2\/types\/product"}],"replies":[{"embeddable":true,"href":"https:\/\/www.paysagesrossignol.com\/en\/wp-json\/wp\/v2\/comments?post=6489"}],"wp:featuredmedia":[{"embeddable":true,"href":"https:\/\/www.paysagesrossignol.com\/en\/wp-json\/wp\/v2\/media\/6490"}],"wp:attachment":[{"href":"https:\/\/www.paysagesrossignol.com\/en\/wp-json\/wp\/v2\/media?parent=6489"}],"wp:term":[{"taxonomy":"product_brand","embeddable":true,"href":"https:\/\/www.paysagesrossignol.com\/en\/wp-json\/wp\/v2\/product_brand?post=6489"},{"taxonomy":"product_cat","embeddable":true,"href":"https:\/\/www.paysagesrossignol.com\/en\/wp-json\/wp\/v2\/product_cat?post=6489"},{"taxonomy":"product_tag","embeddable":true,"href":"https:\/\/www.paysagesrossignol.com\/en\/wp-json\/wp\/v2\/product_tag?post=6489"}],"curies":[{"name":"wp","href":"https:\/\/api.w.org\/{rel}","templated":true}]}}