{"id":6547,"date":"2026-03-10T04:00:43","date_gmt":"2026-03-10T08:00:43","guid":{"rendered":"https:\/\/www.paysagesrossignol.com\/product\/piment-fort-chinese-five-color\/"},"modified":"2026-05-04T10:26:25","modified_gmt":"2026-05-04T14:26:25","slug":"piment-fort-chinese-five-color","status":"publish","type":"product","link":"https:\/\/www.paysagesrossignol.com\/en\/product\/piment-fort-chinese-five-color\/","title":{"rendered":"Piment Fort Chinese Five Color &#8211; Bio"},"content":{"rendered":"<h1>Voir disponibilit\u00e9 en magasin<\/h1>\n<p>Piments de 1&#8243; mauves, cr\u00e8me, jaunes, oranges et rouges. Tout \u00e7a sur un m\u00eame plant!<\/p>\n<p>25 semences<\/p>\n<p>Tournesol<\/p>\n","protected":false},"excerpt":{"rendered":"<p>Voir disponibilit\u00e9 en magasin Piments de 1&#8243; mauves, cr\u00e8me, jaunes, oranges et rouges. Tout \u00e7a sur un m\u00eame plant! 25 semences Tournesol<\/p>\n","protected":false},"featured_media":6548,"comment_status":"closed","ping_status":"open","template":"","meta":{"_acf_changed":false,"_seopress_robots_primary_cat":"","_seopress_titles_title":"","_seopress_titles_desc":"","_seopress_robots_index":"","_seopress_analysis_target_kw":""},"product_brand":[],"product_cat":[31,37],"product_tag":[],"class_list":{"0":"post-6547","1":"product","2":"type-product","3":"status-publish","4":"has-post-thumbnail","6":"product_cat-amenagement-jardin","7":"product_cat-semence-biologique","9":"first","10":"instock","11":"taxable","12":"shipping-taxable","13":"purchasable","14":"product-type-simple"},"acf":[],"_links":{"self":[{"href":"https:\/\/www.paysagesrossignol.com\/en\/wp-json\/wp\/v2\/product\/6547","targetHints":{"allow":["GET"]}}],"collection":[{"href":"https:\/\/www.paysagesrossignol.com\/en\/wp-json\/wp\/v2\/product"}],"about":[{"href":"https:\/\/www.paysagesrossignol.com\/en\/wp-json\/wp\/v2\/types\/product"}],"replies":[{"embeddable":true,"href":"https:\/\/www.paysagesrossignol.com\/en\/wp-json\/wp\/v2\/comments?post=6547"}],"wp:featuredmedia":[{"embeddable":true,"href":"https:\/\/www.paysagesrossignol.com\/en\/wp-json\/wp\/v2\/media\/6548"}],"wp:attachment":[{"href":"https:\/\/www.paysagesrossignol.com\/en\/wp-json\/wp\/v2\/media?parent=6547"}],"wp:term":[{"taxonomy":"product_brand","embeddable":true,"href":"https:\/\/www.paysagesrossignol.com\/en\/wp-json\/wp\/v2\/product_brand?post=6547"},{"taxonomy":"product_cat","embeddable":true,"href":"https:\/\/www.paysagesrossignol.com\/en\/wp-json\/wp\/v2\/product_cat?post=6547"},{"taxonomy":"product_tag","embeddable":true,"href":"https:\/\/www.paysagesrossignol.com\/en\/wp-json\/wp\/v2\/product_tag?post=6547"}],"curies":[{"name":"wp","href":"https:\/\/api.w.org\/{rel}","templated":true}]}}