{"id":6628,"date":"2026-03-10T04:00:44","date_gmt":"2026-03-10T08:00:44","guid":{"rendered":"https:\/\/www.paysagesrossignol.com\/product\/carotte-red-cored-chantenay\/"},"modified":"2026-05-04T10:27:11","modified_gmt":"2026-05-04T14:27:11","slug":"carotte-red-cored-chantenay","status":"publish","type":"product","link":"https:\/\/www.paysagesrossignol.com\/en\/product\/carotte-red-cored-chantenay\/","title":{"rendered":"Carotte Red Cored Chantenay &#8211; Bio"},"content":{"rendered":"<h1>Voir disponibilit\u00e9 en magasin<\/h1>\n<p>Carotte orange fonc\u00e9 tr\u00e8s large. Facile \u00e0 cultiver, m\u00eame en sol argileux. Bon frais ou pour la conservation. Du PATRIMOINE fran\u00e7ais.<\/p>\n<p>500 semences<\/p>\n<p>Tournesol<\/p>\n","protected":false},"excerpt":{"rendered":"<p>Voir disponibilit\u00e9 en magasin Carotte orange fonc\u00e9 tr\u00e8s large. Facile \u00e0 cultiver, m\u00eame en sol argileux. Bon frais ou pour la conservation. Du PATRIMOINE fran\u00e7ais. 500 semences Tournesol<\/p>\n","protected":false},"featured_media":6629,"comment_status":"closed","ping_status":"open","template":"","meta":{"_acf_changed":false,"_seopress_robots_primary_cat":"","_seopress_titles_title":"","_seopress_titles_desc":"","_seopress_robots_index":"","_seopress_analysis_target_kw":""},"product_brand":[],"product_cat":[31,37],"product_tag":[],"class_list":{"0":"post-6628","1":"product","2":"type-product","3":"status-publish","4":"has-post-thumbnail","6":"product_cat-amenagement-jardin","7":"product_cat-semence-biologique","9":"first","10":"instock","11":"taxable","12":"shipping-taxable","13":"purchasable","14":"product-type-simple"},"acf":[],"_links":{"self":[{"href":"https:\/\/www.paysagesrossignol.com\/en\/wp-json\/wp\/v2\/product\/6628","targetHints":{"allow":["GET"]}}],"collection":[{"href":"https:\/\/www.paysagesrossignol.com\/en\/wp-json\/wp\/v2\/product"}],"about":[{"href":"https:\/\/www.paysagesrossignol.com\/en\/wp-json\/wp\/v2\/types\/product"}],"replies":[{"embeddable":true,"href":"https:\/\/www.paysagesrossignol.com\/en\/wp-json\/wp\/v2\/comments?post=6628"}],"wp:featuredmedia":[{"embeddable":true,"href":"https:\/\/www.paysagesrossignol.com\/en\/wp-json\/wp\/v2\/media\/6629"}],"wp:attachment":[{"href":"https:\/\/www.paysagesrossignol.com\/en\/wp-json\/wp\/v2\/media?parent=6628"}],"wp:term":[{"taxonomy":"product_brand","embeddable":true,"href":"https:\/\/www.paysagesrossignol.com\/en\/wp-json\/wp\/v2\/product_brand?post=6628"},{"taxonomy":"product_cat","embeddable":true,"href":"https:\/\/www.paysagesrossignol.com\/en\/wp-json\/wp\/v2\/product_cat?post=6628"},{"taxonomy":"product_tag","embeddable":true,"href":"https:\/\/www.paysagesrossignol.com\/en\/wp-json\/wp\/v2\/product_tag?post=6628"}],"curies":[{"name":"wp","href":"https:\/\/api.w.org\/{rel}","templated":true}]}}