{"id":6683,"date":"2026-03-10T04:00:50","date_gmt":"2026-03-10T08:00:50","guid":{"rendered":"https:\/\/www.paysagesrossignol.com\/product\/nemophile-penny-black\/"},"modified":"2026-05-04T10:27:54","modified_gmt":"2026-05-04T14:27:54","slug":"nemophile-penny-black","status":"publish","type":"product","link":"https:\/\/www.paysagesrossignol.com\/en\/product\/nemophile-penny-black\/","title":{"rendered":"N\u00e9mophile Penny Black"},"content":{"rendered":"<h1>Voir disponibilit\u00e9 en magasin<\/h1>\n<p>Ce petit bijou d\u00e9montre de petites fleurs quasiment noires picot\u00e9es. aux bordures blanches et larges. Un accent parfait pour les rocailles, les petits patios, les bordures, le long des all\u00e9es, les contenants ou les bo\u00eetes pour les fen\u00eatres. Un manque d&#8217;eau diminue la floraison; un sol humide constant est requis. Annuelle. Nemophila Menziesiii<\/p>\n<p>75 jours \u00e0 la floraison<\/p>\n<p>McKenzie<\/p>\n<p>&nbsp;<\/p>\n","protected":false},"excerpt":{"rendered":"<p>Voir disponibilit\u00e9 en magasin Ce petit bijou d\u00e9montre de petites fleurs quasiment noires picot\u00e9es. aux bordures blanches et larges. Un accent parfait pour les rocailles, les petits patios, les bordures, le long des all\u00e9es, les contenants ou les bo\u00eetes pour les fen\u00eatres. Un manque d&#8217;eau diminue la floraison; un sol humide constant est requis. Annuelle. [&hellip;]<\/p>\n","protected":false},"featured_media":6684,"comment_status":"closed","ping_status":"open","template":"","meta":{"_acf_changed":false,"_seopress_robots_primary_cat":"","_seopress_titles_title":"","_seopress_titles_desc":"","_seopress_robots_index":"","_seopress_analysis_target_kw":""},"product_brand":[],"product_cat":[31,38],"product_tag":[],"class_list":{"0":"post-6683","1":"product","2":"type-product","3":"status-publish","4":"has-post-thumbnail","6":"product_cat-amenagement-jardin","7":"product_cat-semence-florale","9":"first","10":"instock","11":"taxable","12":"shipping-taxable","13":"purchasable","14":"product-type-simple"},"acf":[],"_links":{"self":[{"href":"https:\/\/www.paysagesrossignol.com\/en\/wp-json\/wp\/v2\/product\/6683","targetHints":{"allow":["GET"]}}],"collection":[{"href":"https:\/\/www.paysagesrossignol.com\/en\/wp-json\/wp\/v2\/product"}],"about":[{"href":"https:\/\/www.paysagesrossignol.com\/en\/wp-json\/wp\/v2\/types\/product"}],"replies":[{"embeddable":true,"href":"https:\/\/www.paysagesrossignol.com\/en\/wp-json\/wp\/v2\/comments?post=6683"}],"wp:featuredmedia":[{"embeddable":true,"href":"https:\/\/www.paysagesrossignol.com\/en\/wp-json\/wp\/v2\/media\/6684"}],"wp:attachment":[{"href":"https:\/\/www.paysagesrossignol.com\/en\/wp-json\/wp\/v2\/media?parent=6683"}],"wp:term":[{"taxonomy":"product_brand","embeddable":true,"href":"https:\/\/www.paysagesrossignol.com\/en\/wp-json\/wp\/v2\/product_brand?post=6683"},{"taxonomy":"product_cat","embeddable":true,"href":"https:\/\/www.paysagesrossignol.com\/en\/wp-json\/wp\/v2\/product_cat?post=6683"},{"taxonomy":"product_tag","embeddable":true,"href":"https:\/\/www.paysagesrossignol.com\/en\/wp-json\/wp\/v2\/product_tag?post=6683"}],"curies":[{"name":"wp","href":"https:\/\/api.w.org\/{rel}","templated":true}]}}