{"id":6703,"date":"2026-03-10T04:00:09","date_gmt":"2026-03-10T08:00:09","guid":{"rendered":"https:\/\/www.paysagesrossignol.com\/product\/haricot-kentucky-wonder-wax-rames\/"},"modified":"2026-05-04T10:28:08","modified_gmt":"2026-05-04T14:28:08","slug":"haricot-kentucky-wonder-wax-rames","status":"publish","type":"product","link":"https:\/\/www.paysagesrossignol.com\/en\/product\/haricot-kentucky-wonder-wax-rames\/","title":{"rendered":"Haricot Kentucky Wonder Wax (rames)"},"content":{"rendered":"<h1>Voir disponibilit\u00e9 en magasin<\/h1>\n<p>Une vari\u00e9t\u00e9 destin\u00e9e au potager domestique. Ses gousses sont meilleures jeunes. Ses f\u00e8ves, mesurent jusqu&#8217;\u00e0 20 cm (8&#8243;), rondes, jaune p\u00e2le et cr\u00e9meuses. Peuvent \u00eatre mang\u00e9es fra\u00eeches ou congel\u00e9es. \u00c9vitez de travailler parmi les plantes lorsqu&#8217;elles sont humides ou mouill\u00e9es pour r\u00e9duire les risques de maladies.<\/p>\n<p>68 jours \u00e0 la r\u00e9colte<\/p>\n<p>McKenzie<\/p>\n","protected":false},"excerpt":{"rendered":"<p>Voir disponibilit\u00e9 en magasin Une vari\u00e9t\u00e9 destin\u00e9e au potager domestique. Ses gousses sont meilleures jeunes. Ses f\u00e8ves, mesurent jusqu&#8217;\u00e0 20 cm (8&#8243;), rondes, jaune p\u00e2le et cr\u00e9meuses. Peuvent \u00eatre mang\u00e9es fra\u00eeches ou congel\u00e9es. \u00c9vitez de travailler parmi les plantes lorsqu&#8217;elles sont humides ou mouill\u00e9es pour r\u00e9duire les risques de maladies. 68 jours \u00e0 la r\u00e9colte [&hellip;]<\/p>\n","protected":false},"featured_media":6704,"comment_status":"closed","ping_status":"open","template":"","meta":{"_acf_changed":false,"_seopress_robots_primary_cat":"","_seopress_titles_title":"","_seopress_titles_desc":"","_seopress_robots_index":"","_seopress_analysis_target_kw":""},"product_brand":[],"product_cat":[31,39],"product_tag":[],"class_list":{"0":"post-6703","1":"product","2":"type-product","3":"status-publish","4":"has-post-thumbnail","6":"product_cat-amenagement-jardin","7":"product_cat-semence-potagere","9":"first","10":"instock","11":"taxable","12":"shipping-taxable","13":"purchasable","14":"product-type-simple"},"acf":[],"_links":{"self":[{"href":"https:\/\/www.paysagesrossignol.com\/en\/wp-json\/wp\/v2\/product\/6703","targetHints":{"allow":["GET"]}}],"collection":[{"href":"https:\/\/www.paysagesrossignol.com\/en\/wp-json\/wp\/v2\/product"}],"about":[{"href":"https:\/\/www.paysagesrossignol.com\/en\/wp-json\/wp\/v2\/types\/product"}],"replies":[{"embeddable":true,"href":"https:\/\/www.paysagesrossignol.com\/en\/wp-json\/wp\/v2\/comments?post=6703"}],"wp:featuredmedia":[{"embeddable":true,"href":"https:\/\/www.paysagesrossignol.com\/en\/wp-json\/wp\/v2\/media\/6704"}],"wp:attachment":[{"href":"https:\/\/www.paysagesrossignol.com\/en\/wp-json\/wp\/v2\/media?parent=6703"}],"wp:term":[{"taxonomy":"product_brand","embeddable":true,"href":"https:\/\/www.paysagesrossignol.com\/en\/wp-json\/wp\/v2\/product_brand?post=6703"},{"taxonomy":"product_cat","embeddable":true,"href":"https:\/\/www.paysagesrossignol.com\/en\/wp-json\/wp\/v2\/product_cat?post=6703"},{"taxonomy":"product_tag","embeddable":true,"href":"https:\/\/www.paysagesrossignol.com\/en\/wp-json\/wp\/v2\/product_tag?post=6703"}],"curies":[{"name":"wp","href":"https:\/\/api.w.org\/{rel}","templated":true}]}}