{"id":6714,"date":"2026-03-10T04:00:17","date_gmt":"2026-03-10T08:00:17","guid":{"rendered":"https:\/\/www.paysagesrossignol.com\/product\/thym-mckenzie\/"},"modified":"2026-05-04T10:28:17","modified_gmt":"2026-05-04T14:28:17","slug":"thym-mckenzie","status":"publish","type":"product","link":"https:\/\/www.paysagesrossignol.com\/en\/product\/thym-mckenzie\/","title":{"rendered":"Thym"},"content":{"rendered":"<h1>Voir disponibilit\u00e9 en magasin<\/h1>\n<p>Il produit un plant attrayant et buissonnant aux petites feuilles vert arqent\u00e9. Il sert non seulement \u00e0 rehausser la saveur de la viande, du poisson et des l\u00e9qumes, mais aussi comme plante de rocaille et de bordure. Repiquez dans le jardin quand le temps et le sol se r\u00e9chauftent; pr\u00e9f\u00e8re un sol chaud et sec. Cueillir en tout moment. Pour la conservation, r\u00e9coltez avant la floraison et faites s\u00e9cher \u00e0 l&#8217;ombre. Id\u00e9al pour le jardin de fines herbes \u00e0 l&#8217;int\u00e9rieur. Vivace. Zones 4-9. Thymus vulgaris<\/p>\n<p>85 jours \u00e0 la r\u00e9colte<\/p>\n<p>McKenzie<\/p>\n","protected":false},"excerpt":{"rendered":"<p>Voir disponibilit\u00e9 en magasin Il produit un plant attrayant et buissonnant aux petites feuilles vert arqent\u00e9. Il sert non seulement \u00e0 rehausser la saveur de la viande, du poisson et des l\u00e9qumes, mais aussi comme plante de rocaille et de bordure. Repiquez dans le jardin quand le temps et le sol se r\u00e9chauftent; pr\u00e9f\u00e8re un [&hellip;]<\/p>\n","protected":false},"featured_media":6715,"comment_status":"closed","ping_status":"open","template":"","meta":{"_acf_changed":false,"_seopress_robots_primary_cat":"","_seopress_titles_title":"","_seopress_titles_desc":"","_seopress_robots_index":"","_seopress_analysis_target_kw":""},"product_brand":[],"product_cat":[31,39],"product_tag":[],"class_list":{"0":"post-6714","1":"product","2":"type-product","3":"status-publish","4":"has-post-thumbnail","6":"product_cat-amenagement-jardin","7":"product_cat-semence-potagere","9":"first","10":"instock","11":"taxable","12":"shipping-taxable","13":"purchasable","14":"product-type-simple"},"acf":[],"_links":{"self":[{"href":"https:\/\/www.paysagesrossignol.com\/en\/wp-json\/wp\/v2\/product\/6714","targetHints":{"allow":["GET"]}}],"collection":[{"href":"https:\/\/www.paysagesrossignol.com\/en\/wp-json\/wp\/v2\/product"}],"about":[{"href":"https:\/\/www.paysagesrossignol.com\/en\/wp-json\/wp\/v2\/types\/product"}],"replies":[{"embeddable":true,"href":"https:\/\/www.paysagesrossignol.com\/en\/wp-json\/wp\/v2\/comments?post=6714"}],"wp:featuredmedia":[{"embeddable":true,"href":"https:\/\/www.paysagesrossignol.com\/en\/wp-json\/wp\/v2\/media\/6715"}],"wp:attachment":[{"href":"https:\/\/www.paysagesrossignol.com\/en\/wp-json\/wp\/v2\/media?parent=6714"}],"wp:term":[{"taxonomy":"product_brand","embeddable":true,"href":"https:\/\/www.paysagesrossignol.com\/en\/wp-json\/wp\/v2\/product_brand?post=6714"},{"taxonomy":"product_cat","embeddable":true,"href":"https:\/\/www.paysagesrossignol.com\/en\/wp-json\/wp\/v2\/product_cat?post=6714"},{"taxonomy":"product_tag","embeddable":true,"href":"https:\/\/www.paysagesrossignol.com\/en\/wp-json\/wp\/v2\/product_tag?post=6714"}],"curies":[{"name":"wp","href":"https:\/\/api.w.org\/{rel}","templated":true}]}}