{"id":6717,"date":"2026-03-10T04:00:17","date_gmt":"2026-03-10T08:00:17","guid":{"rendered":"https:\/\/www.paysagesrossignol.com\/product\/pavot-dislande-en-melange\/"},"modified":"2026-05-04T10:28:19","modified_gmt":"2026-05-04T14:28:19","slug":"pavot-dislande-en-melange","status":"publish","type":"product","link":"https:\/\/www.paysagesrossignol.com\/en\/product\/pavot-dislande-en-melange\/","title":{"rendered":"Pavot d&#8217;Islande en m\u00e9lange"},"content":{"rendered":"<h1>Voir disponibilit\u00e9 en magasin<\/h1>\n<p>Ce m\u00e9lange contient une gamme compl\u00e8te de couleurs vives en plus des tiges douces, minces et sans feuilles.De culture facile, thermor\u00e9sistant et florif\u00e8re. Excellent choix pour la rocaille, la plate-bande. Semez les semences, car cette vari\u00e9t\u00e9 ne transplante pas bien. Belle quand elle sont \u00e9parpill\u00e9es. Toute les parties du pavot sont toxiques si ing\u00e9r\u00e9. Vivace. Zones 3-9. Papaver nudicaule<\/p>\n<p>Fleurit chaque ann\u00e9e<\/p>\n<p>McKenzie<\/p>\n","protected":false},"excerpt":{"rendered":"<p>Voir disponibilit\u00e9 en magasin Ce m\u00e9lange contient une gamme compl\u00e8te de couleurs vives en plus des tiges douces, minces et sans feuilles.De culture facile, thermor\u00e9sistant et florif\u00e8re. Excellent choix pour la rocaille, la plate-bande. Semez les semences, car cette vari\u00e9t\u00e9 ne transplante pas bien. Belle quand elle sont \u00e9parpill\u00e9es. Toute les parties du pavot sont [&hellip;]<\/p>\n","protected":false},"featured_media":6718,"comment_status":"closed","ping_status":"open","template":"","meta":{"_acf_changed":false,"_seopress_robots_primary_cat":"","_seopress_titles_title":"","_seopress_titles_desc":"","_seopress_robots_index":"","_seopress_analysis_target_kw":""},"product_brand":[],"product_cat":[31,38],"product_tag":[],"class_list":{"0":"post-6717","1":"product","2":"type-product","3":"status-publish","4":"has-post-thumbnail","6":"product_cat-amenagement-jardin","7":"product_cat-semence-florale","9":"first","10":"instock","11":"taxable","12":"shipping-taxable","13":"purchasable","14":"product-type-simple"},"acf":[],"_links":{"self":[{"href":"https:\/\/www.paysagesrossignol.com\/en\/wp-json\/wp\/v2\/product\/6717","targetHints":{"allow":["GET"]}}],"collection":[{"href":"https:\/\/www.paysagesrossignol.com\/en\/wp-json\/wp\/v2\/product"}],"about":[{"href":"https:\/\/www.paysagesrossignol.com\/en\/wp-json\/wp\/v2\/types\/product"}],"replies":[{"embeddable":true,"href":"https:\/\/www.paysagesrossignol.com\/en\/wp-json\/wp\/v2\/comments?post=6717"}],"wp:featuredmedia":[{"embeddable":true,"href":"https:\/\/www.paysagesrossignol.com\/en\/wp-json\/wp\/v2\/media\/6718"}],"wp:attachment":[{"href":"https:\/\/www.paysagesrossignol.com\/en\/wp-json\/wp\/v2\/media?parent=6717"}],"wp:term":[{"taxonomy":"product_brand","embeddable":true,"href":"https:\/\/www.paysagesrossignol.com\/en\/wp-json\/wp\/v2\/product_brand?post=6717"},{"taxonomy":"product_cat","embeddable":true,"href":"https:\/\/www.paysagesrossignol.com\/en\/wp-json\/wp\/v2\/product_cat?post=6717"},{"taxonomy":"product_tag","embeddable":true,"href":"https:\/\/www.paysagesrossignol.com\/en\/wp-json\/wp\/v2\/product_tag?post=6717"}],"curies":[{"name":"wp","href":"https:\/\/api.w.org\/{rel}","templated":true}]}}