{"id":6720,"date":"2026-03-10T04:00:17","date_gmt":"2026-03-10T08:00:17","guid":{"rendered":"https:\/\/www.paysagesrossignol.com\/product\/capucine-night-day-mckenzie\/"},"modified":"2026-05-04T10:28:20","modified_gmt":"2026-05-04T14:28:20","slug":"capucine-night-day-mckenzie","status":"publish","type":"product","link":"https:\/\/www.paysagesrossignol.com\/en\/product\/capucine-night-day-mckenzie\/","title":{"rendered":"Capucine Night &#038; Day"},"content":{"rendered":"<h1>Voir disponibilit\u00e9 en magasin<\/h1>\n<p>Quel m\u00e9lange original! De charmantes fleurs jaune ivoire p\u00e2le font un contraste merveilleux avec la coloration acajou sombre des fleurs partenaires, recr\u00e9ant une illustration efficace du concept du jour et de la nuit. Parfaitement adapt\u00e9es aux contenants et \u00e0 la plate-bande, ces capucines attirent aussi les insectes b\u00e9n\u00e9fiques au jardin. Supprimer les fleurs fan\u00e9es et arroser r\u00e9guli\u00e8rement durant l&#8217;\u00e9t\u00e9 pour prolonger la floraison jusqu&#8217;aux gels. Annuelle. Tropaeolum Minus<\/p>\n<p>35-52 jours \u00e0 la floraison<\/p>\n<p>McKenzie<\/p>\n","protected":false},"excerpt":{"rendered":"<p>Voir disponibilit\u00e9 en magasin Quel m\u00e9lange original! De charmantes fleurs jaune ivoire p\u00e2le font un contraste merveilleux avec la coloration acajou sombre des fleurs partenaires, recr\u00e9ant une illustration efficace du concept du jour et de la nuit. Parfaitement adapt\u00e9es aux contenants et \u00e0 la plate-bande, ces capucines attirent aussi les insectes b\u00e9n\u00e9fiques au jardin. Supprimer [&hellip;]<\/p>\n","protected":false},"featured_media":6721,"comment_status":"closed","ping_status":"open","template":"","meta":{"_acf_changed":false,"_seopress_robots_primary_cat":"","_seopress_titles_title":"","_seopress_titles_desc":"","_seopress_robots_index":"","_seopress_analysis_target_kw":""},"product_brand":[],"product_cat":[31,38],"product_tag":[],"class_list":{"0":"post-6720","1":"product","2":"type-product","3":"status-publish","4":"has-post-thumbnail","6":"product_cat-amenagement-jardin","7":"product_cat-semence-florale","9":"first","10":"instock","11":"taxable","12":"shipping-taxable","13":"purchasable","14":"product-type-simple"},"acf":[],"_links":{"self":[{"href":"https:\/\/www.paysagesrossignol.com\/en\/wp-json\/wp\/v2\/product\/6720","targetHints":{"allow":["GET"]}}],"collection":[{"href":"https:\/\/www.paysagesrossignol.com\/en\/wp-json\/wp\/v2\/product"}],"about":[{"href":"https:\/\/www.paysagesrossignol.com\/en\/wp-json\/wp\/v2\/types\/product"}],"replies":[{"embeddable":true,"href":"https:\/\/www.paysagesrossignol.com\/en\/wp-json\/wp\/v2\/comments?post=6720"}],"wp:featuredmedia":[{"embeddable":true,"href":"https:\/\/www.paysagesrossignol.com\/en\/wp-json\/wp\/v2\/media\/6721"}],"wp:attachment":[{"href":"https:\/\/www.paysagesrossignol.com\/en\/wp-json\/wp\/v2\/media?parent=6720"}],"wp:term":[{"taxonomy":"product_brand","embeddable":true,"href":"https:\/\/www.paysagesrossignol.com\/en\/wp-json\/wp\/v2\/product_brand?post=6720"},{"taxonomy":"product_cat","embeddable":true,"href":"https:\/\/www.paysagesrossignol.com\/en\/wp-json\/wp\/v2\/product_cat?post=6720"},{"taxonomy":"product_tag","embeddable":true,"href":"https:\/\/www.paysagesrossignol.com\/en\/wp-json\/wp\/v2\/product_tag?post=6720"}],"curies":[{"name":"wp","href":"https:\/\/api.w.org\/{rel}","templated":true}]}}