{"id":6723,"date":"2026-03-10T04:00:17","date_gmt":"2026-03-10T08:00:17","guid":{"rendered":"https:\/\/www.paysagesrossignol.com\/product\/cynoglosse-firmament\/"},"modified":"2026-05-04T10:28:23","modified_gmt":"2026-05-04T14:28:23","slug":"cynoglosse-firmament","status":"publish","type":"product","link":"https:\/\/www.paysagesrossignol.com\/en\/product\/cynoglosse-firmament\/","title":{"rendered":"Cynoglosse Firmament"},"content":{"rendered":"<h1>Voir disponibilit\u00e9 en magasin<\/h1>\n<p>Des masses de fleurs bleu ciel au centre blanc s&#8217;\u00e9panouissent sur des plants au feuillage vert argent\u00e9. Se ress\u00e8me all\u00e8grement et s&#8217;\u00e9tend facilement dans le jardin. Populaire pour la rocaille, les massifs, l&#8217;arrangement floral et les bordures. R\u00e9ussit mieux dans les sols humides, mais tol\u00e8re la plupart des conditions de sol. Annuelle. Cynoglossum Amabile<\/p>\n<p>40-50 \u00e0 la floraison<\/p>\n<p>McKenzie<\/p>\n","protected":false},"excerpt":{"rendered":"<p>Voir disponibilit\u00e9 en magasin Des masses de fleurs bleu ciel au centre blanc s&#8217;\u00e9panouissent sur des plants au feuillage vert argent\u00e9. Se ress\u00e8me all\u00e8grement et s&#8217;\u00e9tend facilement dans le jardin. Populaire pour la rocaille, les massifs, l&#8217;arrangement floral et les bordures. R\u00e9ussit mieux dans les sols humides, mais tol\u00e8re la plupart des conditions de sol. [&hellip;]<\/p>\n","protected":false},"featured_media":6724,"comment_status":"closed","ping_status":"open","template":"","meta":{"_acf_changed":false,"_seopress_robots_primary_cat":"","_seopress_titles_title":"","_seopress_titles_desc":"","_seopress_robots_index":"","_seopress_analysis_target_kw":""},"product_brand":[],"product_cat":[31,38],"product_tag":[],"class_list":{"0":"post-6723","1":"product","2":"type-product","3":"status-publish","4":"has-post-thumbnail","6":"product_cat-amenagement-jardin","7":"product_cat-semence-florale","9":"first","10":"instock","11":"taxable","12":"shipping-taxable","13":"purchasable","14":"product-type-simple"},"acf":[],"_links":{"self":[{"href":"https:\/\/www.paysagesrossignol.com\/en\/wp-json\/wp\/v2\/product\/6723","targetHints":{"allow":["GET"]}}],"collection":[{"href":"https:\/\/www.paysagesrossignol.com\/en\/wp-json\/wp\/v2\/product"}],"about":[{"href":"https:\/\/www.paysagesrossignol.com\/en\/wp-json\/wp\/v2\/types\/product"}],"replies":[{"embeddable":true,"href":"https:\/\/www.paysagesrossignol.com\/en\/wp-json\/wp\/v2\/comments?post=6723"}],"wp:featuredmedia":[{"embeddable":true,"href":"https:\/\/www.paysagesrossignol.com\/en\/wp-json\/wp\/v2\/media\/6724"}],"wp:attachment":[{"href":"https:\/\/www.paysagesrossignol.com\/en\/wp-json\/wp\/v2\/media?parent=6723"}],"wp:term":[{"taxonomy":"product_brand","embeddable":true,"href":"https:\/\/www.paysagesrossignol.com\/en\/wp-json\/wp\/v2\/product_brand?post=6723"},{"taxonomy":"product_cat","embeddable":true,"href":"https:\/\/www.paysagesrossignol.com\/en\/wp-json\/wp\/v2\/product_cat?post=6723"},{"taxonomy":"product_tag","embeddable":true,"href":"https:\/\/www.paysagesrossignol.com\/en\/wp-json\/wp\/v2\/product_tag?post=6723"}],"curies":[{"name":"wp","href":"https:\/\/api.w.org\/{rel}","templated":true}]}}