{"id":6742,"date":"2026-03-10T04:00:31","date_gmt":"2026-03-10T08:00:31","guid":{"rendered":"https:\/\/www.paysagesrossignol.com\/product\/laitue-grand-rapids-jumbo\/"},"modified":"2026-05-04T10:28:31","modified_gmt":"2026-05-04T14:28:31","slug":"laitue-grand-rapids-jumbo","status":"publish","type":"product","link":"https:\/\/www.paysagesrossignol.com\/en\/product\/laitue-grand-rapids-jumbo\/","title":{"rendered":"Laitue Grand Rapids Valeur Accrue"},"content":{"rendered":"<h1>Voir disponibilit\u00e9 en magasin<\/h1>\n<p>La laitue \u00e0 feuilles la mieux connue. Ses feuilles \u00e9rig\u00e9es, moyennes \u00e0 grandes et vert p\u00e2le sont fris\u00e9e et croquantes. Go\u00fbt doux et savoureux. La plus h\u00e2tive. \u00c0 croissance exceptionnellement rapide. Lente \u00e0 monter en graine. Cro\u00eet mieux par temps frais.<\/p>\n<p>45 jours \u00e0 la r\u00e9colte<\/p>\n<p>McKenzie<\/p>\n","protected":false},"excerpt":{"rendered":"<p>Voir disponibilit\u00e9 en magasin La laitue \u00e0 feuilles la mieux connue. Ses feuilles \u00e9rig\u00e9es, moyennes \u00e0 grandes et vert p\u00e2le sont fris\u00e9e et croquantes. Go\u00fbt doux et savoureux. La plus h\u00e2tive. \u00c0 croissance exceptionnellement rapide. Lente \u00e0 monter en graine. Cro\u00eet mieux par temps frais. 45 jours \u00e0 la r\u00e9colte McKenzie<\/p>\n","protected":false},"featured_media":6743,"comment_status":"closed","ping_status":"open","template":"","meta":{"_acf_changed":false,"_seopress_robots_primary_cat":"","_seopress_titles_title":"","_seopress_titles_desc":"","_seopress_robots_index":"","_seopress_analysis_target_kw":""},"product_brand":[],"product_cat":[31,39],"product_tag":[],"class_list":{"0":"post-6742","1":"product","2":"type-product","3":"status-publish","4":"has-post-thumbnail","6":"product_cat-amenagement-jardin","7":"product_cat-semence-potagere","9":"first","10":"instock","11":"taxable","12":"shipping-taxable","13":"purchasable","14":"product-type-simple"},"acf":[],"_links":{"self":[{"href":"https:\/\/www.paysagesrossignol.com\/en\/wp-json\/wp\/v2\/product\/6742","targetHints":{"allow":["GET"]}}],"collection":[{"href":"https:\/\/www.paysagesrossignol.com\/en\/wp-json\/wp\/v2\/product"}],"about":[{"href":"https:\/\/www.paysagesrossignol.com\/en\/wp-json\/wp\/v2\/types\/product"}],"replies":[{"embeddable":true,"href":"https:\/\/www.paysagesrossignol.com\/en\/wp-json\/wp\/v2\/comments?post=6742"}],"wp:featuredmedia":[{"embeddable":true,"href":"https:\/\/www.paysagesrossignol.com\/en\/wp-json\/wp\/v2\/media\/6743"}],"wp:attachment":[{"href":"https:\/\/www.paysagesrossignol.com\/en\/wp-json\/wp\/v2\/media?parent=6742"}],"wp:term":[{"taxonomy":"product_brand","embeddable":true,"href":"https:\/\/www.paysagesrossignol.com\/en\/wp-json\/wp\/v2\/product_brand?post=6742"},{"taxonomy":"product_cat","embeddable":true,"href":"https:\/\/www.paysagesrossignol.com\/en\/wp-json\/wp\/v2\/product_cat?post=6742"},{"taxonomy":"product_tag","embeddable":true,"href":"https:\/\/www.paysagesrossignol.com\/en\/wp-json\/wp\/v2\/product_tag?post=6742"}],"curies":[{"name":"wp","href":"https:\/\/api.w.org\/{rel}","templated":true}]}}