{"id":6758,"date":"2026-03-10T04:00:39","date_gmt":"2026-03-10T08:00:39","guid":{"rendered":"https:\/\/www.paysagesrossignol.com\/product\/tournesol-autumn-beauty\/"},"modified":"2026-05-04T10:28:39","modified_gmt":"2026-05-04T14:28:39","slug":"tournesol-autumn-beauty","status":"publish","type":"product","link":"https:\/\/www.paysagesrossignol.com\/en\/product\/tournesol-autumn-beauty\/","title":{"rendered":"Tournesol Autumn Beauty"},"content":{"rendered":"<h1>Voir disponibilit\u00e9 en magasin<\/h1>\n<p>Superbe m\u00e9lange de fleurs jaunes dor\u00e9s, rouges et brunes. C&#8217;est la fleur \u00e0 couper par excellence. Facile \u00e0 cultiver dans les bordures. On les s\u00e8me par trois ou quatre. Gardez le sol humide mais non d\u00e9tremp\u00e9 jusqu&#8217;\u00e0 la germination. Plante robuste utilis\u00e9e comme paravent. Une vari\u00e9t\u00e9 non branchue. Annuelle. Helianthus annuus<\/p>\n<p>75-90 jours \u00e0 la floraison<\/p>\n<p>McKenzie<\/p>\n","protected":false},"excerpt":{"rendered":"<p>Voir disponibilit\u00e9 en magasin Superbe m\u00e9lange de fleurs jaunes dor\u00e9s, rouges et brunes. C&#8217;est la fleur \u00e0 couper par excellence. Facile \u00e0 cultiver dans les bordures. On les s\u00e8me par trois ou quatre. Gardez le sol humide mais non d\u00e9tremp\u00e9 jusqu&#8217;\u00e0 la germination. Plante robuste utilis\u00e9e comme paravent. Une vari\u00e9t\u00e9 non branchue. Annuelle. Helianthus annuus [&hellip;]<\/p>\n","protected":false},"featured_media":6759,"comment_status":"closed","ping_status":"open","template":"","meta":{"_acf_changed":false,"_seopress_robots_primary_cat":"","_seopress_titles_title":"","_seopress_titles_desc":"","_seopress_robots_index":"","_seopress_analysis_target_kw":""},"product_brand":[],"product_cat":[31,38],"product_tag":[],"class_list":{"0":"post-6758","1":"product","2":"type-product","3":"status-publish","4":"has-post-thumbnail","6":"product_cat-amenagement-jardin","7":"product_cat-semence-florale","9":"first","10":"instock","11":"taxable","12":"shipping-taxable","13":"purchasable","14":"product-type-simple"},"acf":[],"_links":{"self":[{"href":"https:\/\/www.paysagesrossignol.com\/en\/wp-json\/wp\/v2\/product\/6758","targetHints":{"allow":["GET"]}}],"collection":[{"href":"https:\/\/www.paysagesrossignol.com\/en\/wp-json\/wp\/v2\/product"}],"about":[{"href":"https:\/\/www.paysagesrossignol.com\/en\/wp-json\/wp\/v2\/types\/product"}],"replies":[{"embeddable":true,"href":"https:\/\/www.paysagesrossignol.com\/en\/wp-json\/wp\/v2\/comments?post=6758"}],"wp:featuredmedia":[{"embeddable":true,"href":"https:\/\/www.paysagesrossignol.com\/en\/wp-json\/wp\/v2\/media\/6759"}],"wp:attachment":[{"href":"https:\/\/www.paysagesrossignol.com\/en\/wp-json\/wp\/v2\/media?parent=6758"}],"wp:term":[{"taxonomy":"product_brand","embeddable":true,"href":"https:\/\/www.paysagesrossignol.com\/en\/wp-json\/wp\/v2\/product_brand?post=6758"},{"taxonomy":"product_cat","embeddable":true,"href":"https:\/\/www.paysagesrossignol.com\/en\/wp-json\/wp\/v2\/product_cat?post=6758"},{"taxonomy":"product_tag","embeddable":true,"href":"https:\/\/www.paysagesrossignol.com\/en\/wp-json\/wp\/v2\/product_tag?post=6758"}],"curies":[{"name":"wp","href":"https:\/\/api.w.org\/{rel}","templated":true}]}}