{"id":6763,"date":"2026-03-10T04:00:39","date_gmt":"2026-03-10T08:00:39","guid":{"rendered":"https:\/\/www.paysagesrossignol.com\/product\/oeillet-de-poete-double-en-melange\/"},"modified":"2026-05-04T10:28:41","modified_gmt":"2026-05-04T14:28:41","slug":"oeillet-de-poete-double-en-melange","status":"publish","type":"product","link":"https:\/\/www.paysagesrossignol.com\/en\/product\/oeillet-de-poete-double-en-melange\/","title":{"rendered":"Oeillet de Po\u00e9te Double en M\u00e9lange"},"content":{"rendered":"<h1>Voir disponibilit\u00e9 en magasin<\/h1>\n<p>Les couleurs vives et le parfum \u00e9pic\u00e9 de cette plante bicolore font de ce m\u00e9lange de rouges, rose et blancs une v\u00e9ritable vedette de la plate-bande! Les inflorescences atteignent jusqu&#8217;\u00e0 15 cm (6&#8243;) de diam\u00e8tre. Tr\u00e8s jolie et facile \u00e0 cultiver. Se ress\u00e8me. Ajoute de la couleur aux massifs et plates-bandes. Fleurira \u00e0 sa deuxi\u00e8me ann\u00e9e. Bisannuel. Zones 3-9. Dianthus Barbatus<\/p>\n<p>Fleurit la 2e ann\u00e9e<\/p>\n<p>McKenzie<\/p>\n","protected":false},"excerpt":{"rendered":"<p>Voir disponibilit\u00e9 en magasin Les couleurs vives et le parfum \u00e9pic\u00e9 de cette plante bicolore font de ce m\u00e9lange de rouges, rose et blancs une v\u00e9ritable vedette de la plate-bande! Les inflorescences atteignent jusqu&#8217;\u00e0 15 cm (6&#8243;) de diam\u00e8tre. Tr\u00e8s jolie et facile \u00e0 cultiver. Se ress\u00e8me. Ajoute de la couleur aux massifs et plates-bandes. [&hellip;]<\/p>\n","protected":false},"featured_media":6764,"comment_status":"closed","ping_status":"open","template":"","meta":{"_acf_changed":false,"_seopress_robots_primary_cat":"","_seopress_titles_title":"","_seopress_titles_desc":"","_seopress_robots_index":"","_seopress_analysis_target_kw":""},"product_brand":[],"product_cat":[31,38],"product_tag":[],"class_list":{"0":"post-6763","1":"product","2":"type-product","3":"status-publish","4":"has-post-thumbnail","6":"product_cat-amenagement-jardin","7":"product_cat-semence-florale","9":"first","10":"instock","11":"taxable","12":"shipping-taxable","13":"purchasable","14":"product-type-simple"},"acf":[],"_links":{"self":[{"href":"https:\/\/www.paysagesrossignol.com\/en\/wp-json\/wp\/v2\/product\/6763","targetHints":{"allow":["GET"]}}],"collection":[{"href":"https:\/\/www.paysagesrossignol.com\/en\/wp-json\/wp\/v2\/product"}],"about":[{"href":"https:\/\/www.paysagesrossignol.com\/en\/wp-json\/wp\/v2\/types\/product"}],"replies":[{"embeddable":true,"href":"https:\/\/www.paysagesrossignol.com\/en\/wp-json\/wp\/v2\/comments?post=6763"}],"wp:featuredmedia":[{"embeddable":true,"href":"https:\/\/www.paysagesrossignol.com\/en\/wp-json\/wp\/v2\/media\/6764"}],"wp:attachment":[{"href":"https:\/\/www.paysagesrossignol.com\/en\/wp-json\/wp\/v2\/media?parent=6763"}],"wp:term":[{"taxonomy":"product_brand","embeddable":true,"href":"https:\/\/www.paysagesrossignol.com\/en\/wp-json\/wp\/v2\/product_brand?post=6763"},{"taxonomy":"product_cat","embeddable":true,"href":"https:\/\/www.paysagesrossignol.com\/en\/wp-json\/wp\/v2\/product_cat?post=6763"},{"taxonomy":"product_tag","embeddable":true,"href":"https:\/\/www.paysagesrossignol.com\/en\/wp-json\/wp\/v2\/product_tag?post=6763"}],"curies":[{"name":"wp","href":"https:\/\/api.w.org\/{rel}","templated":true}]}}