{"id":6835,"date":"2026-03-10T04:00:25","date_gmt":"2026-03-10T08:00:25","guid":{"rendered":"https:\/\/www.paysagesrossignol.com\/product\/betterave-ruby-queen\/"},"modified":"2026-05-04T10:30:59","modified_gmt":"2026-05-04T14:30:59","slug":"betterave-ruby-queen","status":"publish","type":"product","link":"https:\/\/www.paysagesrossignol.com\/en\/product\/betterave-ruby-queen\/","title":{"rendered":"Betterave Ruby Queen"},"content":{"rendered":"<h1>Voir disponibilit\u00e9 en magasin<\/h1>\n<p>Feuillages bas \u00e0 p\u00e9tioles rouge vif. Racine semi-globuleuse au go\u00fbt sucr\u00e9 et \u00e0 la texture fine. Les feuilles font une salade d\u00e9licieuse. On peut utiliser la racine fra\u00eeche coup\u00e9e en cubes, en conserve, en marinade ou congel\u00e9e. Pour plus de saveur, r\u00e9coltez quand la racine atteint un diam\u00e8tre de 4-5 cm (1 1\/2&#8243;-2&#8243;). Plantez pr\u00e8s des haricots nains, de la laitue et du chou-rave, mais loin des haricots \u00e0 rames.<\/p>\n<p>48-55 jours \u00e0 la r\u00e9colte<\/p>\n<p>McKenzie<\/p>\n<p>&nbsp;<\/p>\n","protected":false},"excerpt":{"rendered":"<p>Voir disponibilit\u00e9 en magasin Feuillages bas \u00e0 p\u00e9tioles rouge vif. Racine semi-globuleuse au go\u00fbt sucr\u00e9 et \u00e0 la texture fine. Les feuilles font une salade d\u00e9licieuse. On peut utiliser la racine fra\u00eeche coup\u00e9e en cubes, en conserve, en marinade ou congel\u00e9e. Pour plus de saveur, r\u00e9coltez quand la racine atteint un diam\u00e8tre de 4-5 cm [&hellip;]<\/p>\n","protected":false},"featured_media":6836,"comment_status":"closed","ping_status":"open","template":"","meta":{"_acf_changed":false,"_seopress_robots_primary_cat":"","_seopress_titles_title":"","_seopress_titles_desc":"","_seopress_robots_index":"","_seopress_analysis_target_kw":""},"product_brand":[],"product_cat":[31,39],"product_tag":[],"class_list":{"0":"post-6835","1":"product","2":"type-product","3":"status-publish","4":"has-post-thumbnail","6":"product_cat-amenagement-jardin","7":"product_cat-semence-potagere","9":"first","10":"instock","11":"taxable","12":"shipping-taxable","13":"purchasable","14":"product-type-simple"},"acf":[],"_links":{"self":[{"href":"https:\/\/www.paysagesrossignol.com\/en\/wp-json\/wp\/v2\/product\/6835","targetHints":{"allow":["GET"]}}],"collection":[{"href":"https:\/\/www.paysagesrossignol.com\/en\/wp-json\/wp\/v2\/product"}],"about":[{"href":"https:\/\/www.paysagesrossignol.com\/en\/wp-json\/wp\/v2\/types\/product"}],"replies":[{"embeddable":true,"href":"https:\/\/www.paysagesrossignol.com\/en\/wp-json\/wp\/v2\/comments?post=6835"}],"wp:featuredmedia":[{"embeddable":true,"href":"https:\/\/www.paysagesrossignol.com\/en\/wp-json\/wp\/v2\/media\/6836"}],"wp:attachment":[{"href":"https:\/\/www.paysagesrossignol.com\/en\/wp-json\/wp\/v2\/media?parent=6835"}],"wp:term":[{"taxonomy":"product_brand","embeddable":true,"href":"https:\/\/www.paysagesrossignol.com\/en\/wp-json\/wp\/v2\/product_brand?post=6835"},{"taxonomy":"product_cat","embeddable":true,"href":"https:\/\/www.paysagesrossignol.com\/en\/wp-json\/wp\/v2\/product_cat?post=6835"},{"taxonomy":"product_tag","embeddable":true,"href":"https:\/\/www.paysagesrossignol.com\/en\/wp-json\/wp\/v2\/product_tag?post=6835"}],"curies":[{"name":"wp","href":"https:\/\/api.w.org\/{rel}","templated":true}]}}