{"id":6850,"date":"2026-03-10T04:00:32","date_gmt":"2026-03-10T08:00:32","guid":{"rendered":"https:\/\/www.paysagesrossignol.com\/product\/tournesol-sunspot\/"},"modified":"2026-05-04T10:31:07","modified_gmt":"2026-05-04T14:31:07","slug":"tournesol-sunspot","status":"publish","type":"product","link":"https:\/\/www.paysagesrossignol.com\/en\/product\/tournesol-sunspot\/","title":{"rendered":"Tournesol Sunspot"},"content":{"rendered":"<h1>Voir disponibilit\u00e9 en magasin<\/h1>\n<p>Un tournesol nain, non-branchu et h\u00e2tif. Chaque tige donne une fleur g\u00e9ante aux p\u00e9tales dun beau jaune franc. Fleurit six semaines \u00e0 la fin de l&#8217;\u00e9t\u00e9. On les s\u00e8me en rang\u00e9es ou par groupes de trois ou quatre au jardin. En conteneur, semez trois ou quatre graines que vous \u00e9claircirez par la suite pour ne garder que les plants les plus beaux et les plus vigoureux, Annuelle. Helianthus annuus<\/p>\n<p>75-90 jours \u00e0 la floraison<\/p>\n<p>McKenzie<\/p>\n","protected":false},"excerpt":{"rendered":"<p>Voir disponibilit\u00e9 en magasin Un tournesol nain, non-branchu et h\u00e2tif. Chaque tige donne une fleur g\u00e9ante aux p\u00e9tales dun beau jaune franc. Fleurit six semaines \u00e0 la fin de l&#8217;\u00e9t\u00e9. On les s\u00e8me en rang\u00e9es ou par groupes de trois ou quatre au jardin. En conteneur, semez trois ou quatre graines que vous \u00e9claircirez par [&hellip;]<\/p>\n","protected":false},"featured_media":6851,"comment_status":"closed","ping_status":"open","template":"","meta":{"_acf_changed":false,"_seopress_robots_primary_cat":"","_seopress_titles_title":"","_seopress_titles_desc":"","_seopress_robots_index":"","_seopress_analysis_target_kw":""},"product_brand":[],"product_cat":[31,38],"product_tag":[],"class_list":{"0":"post-6850","1":"product","2":"type-product","3":"status-publish","4":"has-post-thumbnail","6":"product_cat-amenagement-jardin","7":"product_cat-semence-florale","9":"first","10":"instock","11":"taxable","12":"shipping-taxable","13":"purchasable","14":"product-type-simple"},"acf":[],"_links":{"self":[{"href":"https:\/\/www.paysagesrossignol.com\/en\/wp-json\/wp\/v2\/product\/6850","targetHints":{"allow":["GET"]}}],"collection":[{"href":"https:\/\/www.paysagesrossignol.com\/en\/wp-json\/wp\/v2\/product"}],"about":[{"href":"https:\/\/www.paysagesrossignol.com\/en\/wp-json\/wp\/v2\/types\/product"}],"replies":[{"embeddable":true,"href":"https:\/\/www.paysagesrossignol.com\/en\/wp-json\/wp\/v2\/comments?post=6850"}],"wp:featuredmedia":[{"embeddable":true,"href":"https:\/\/www.paysagesrossignol.com\/en\/wp-json\/wp\/v2\/media\/6851"}],"wp:attachment":[{"href":"https:\/\/www.paysagesrossignol.com\/en\/wp-json\/wp\/v2\/media?parent=6850"}],"wp:term":[{"taxonomy":"product_brand","embeddable":true,"href":"https:\/\/www.paysagesrossignol.com\/en\/wp-json\/wp\/v2\/product_brand?post=6850"},{"taxonomy":"product_cat","embeddable":true,"href":"https:\/\/www.paysagesrossignol.com\/en\/wp-json\/wp\/v2\/product_cat?post=6850"},{"taxonomy":"product_tag","embeddable":true,"href":"https:\/\/www.paysagesrossignol.com\/en\/wp-json\/wp\/v2\/product_tag?post=6850"}],"curies":[{"name":"wp","href":"https:\/\/api.w.org\/{rel}","templated":true}]}}