{"id":6856,"date":"2026-03-10T04:00:32","date_gmt":"2026-03-10T08:00:32","guid":{"rendered":"https:\/\/www.paysagesrossignol.com\/product\/tournesol-lemon-queen\/"},"modified":"2026-05-04T10:31:11","modified_gmt":"2026-05-04T14:31:11","slug":"tournesol-lemon-queen","status":"publish","type":"product","link":"https:\/\/www.paysagesrossignol.com\/en\/product\/tournesol-lemon-queen\/","title":{"rendered":"Tournesol Lemon Queen"},"content":{"rendered":"<h1>Voir disponibilit\u00e9 en magasin<\/h1>\n<p>Est branchue et fleurit t\u00f4t en saison, d&#8217;un beau jaune citron au coeur brun contrastant. On l&#8217;utilise aussi en arri\u00e8re-plan, dans les bordures ou dans les jardins d&#8217;enfants. Pour \u00e9tirer la saison de floraison couper les fleurs lorsqu&#8217;elles maturent. Constitue un paravent tr\u00e8s efficace. Annuelle. Helianthus annuus<\/p>\n<p>75-90 jours \u00e0 la floraison<\/p>\n<p>McKenzie<\/p>\n","protected":false},"excerpt":{"rendered":"<p>Voir disponibilit\u00e9 en magasin Est branchue et fleurit t\u00f4t en saison, d&#8217;un beau jaune citron au coeur brun contrastant. On l&#8217;utilise aussi en arri\u00e8re-plan, dans les bordures ou dans les jardins d&#8217;enfants. Pour \u00e9tirer la saison de floraison couper les fleurs lorsqu&#8217;elles maturent. Constitue un paravent tr\u00e8s efficace. Annuelle. Helianthus annuus 75-90 jours \u00e0 la [&hellip;]<\/p>\n","protected":false},"featured_media":6857,"comment_status":"closed","ping_status":"open","template":"","meta":{"_acf_changed":false,"_seopress_robots_primary_cat":"","_seopress_titles_title":"","_seopress_titles_desc":"","_seopress_robots_index":"","_seopress_analysis_target_kw":""},"product_brand":[],"product_cat":[31,38],"product_tag":[],"class_list":{"0":"post-6856","1":"product","2":"type-product","3":"status-publish","4":"has-post-thumbnail","6":"product_cat-amenagement-jardin","7":"product_cat-semence-florale","9":"first","10":"instock","11":"taxable","12":"shipping-taxable","13":"purchasable","14":"product-type-simple"},"acf":[],"_links":{"self":[{"href":"https:\/\/www.paysagesrossignol.com\/en\/wp-json\/wp\/v2\/product\/6856","targetHints":{"allow":["GET"]}}],"collection":[{"href":"https:\/\/www.paysagesrossignol.com\/en\/wp-json\/wp\/v2\/product"}],"about":[{"href":"https:\/\/www.paysagesrossignol.com\/en\/wp-json\/wp\/v2\/types\/product"}],"replies":[{"embeddable":true,"href":"https:\/\/www.paysagesrossignol.com\/en\/wp-json\/wp\/v2\/comments?post=6856"}],"wp:featuredmedia":[{"embeddable":true,"href":"https:\/\/www.paysagesrossignol.com\/en\/wp-json\/wp\/v2\/media\/6857"}],"wp:attachment":[{"href":"https:\/\/www.paysagesrossignol.com\/en\/wp-json\/wp\/v2\/media?parent=6856"}],"wp:term":[{"taxonomy":"product_brand","embeddable":true,"href":"https:\/\/www.paysagesrossignol.com\/en\/wp-json\/wp\/v2\/product_brand?post=6856"},{"taxonomy":"product_cat","embeddable":true,"href":"https:\/\/www.paysagesrossignol.com\/en\/wp-json\/wp\/v2\/product_cat?post=6856"},{"taxonomy":"product_tag","embeddable":true,"href":"https:\/\/www.paysagesrossignol.com\/en\/wp-json\/wp\/v2\/product_tag?post=6856"}],"curies":[{"name":"wp","href":"https:\/\/api.w.org\/{rel}","templated":true}]}}