{"id":6871,"date":"2026-03-10T04:00:40","date_gmt":"2026-03-10T08:00:40","guid":{"rendered":"https:\/\/www.paysagesrossignol.com\/product\/tomate-cherry-roma\/"},"modified":"2026-05-04T10:31:19","modified_gmt":"2026-05-04T14:31:19","slug":"tomate-cherry-roma","status":"publish","type":"product","link":"https:\/\/www.paysagesrossignol.com\/en\/product\/tomate-cherry-roma\/","title":{"rendered":"Tomate Cherry Roma"},"content":{"rendered":"<h1>Voir disponibilit\u00e9 en magasin<\/h1>\n<p>Des fruits incroyablement pesants de forme allong\u00e9e mesurent 2,5 cm (1&#8243;). Ils ont une saveur \u00e9pic\u00e9e et sucr\u00e9e, fantastiques fra\u00eeches ou s\u00e8ches. Les fruits demeurent frais pendant une p\u00e9riode \u00e9tendue. Similaire en apparence au tomates en grappe de chez l&#8217;\u00c9picier. Ind\u00e9termin\u00e9e &#8211; exige un tuteur. *apr\u00e8s la transplantation au jardin<\/p>\n<p>*75-80 jours \u00e0 la r\u00e9colte<\/p>\n<p>McKenzie<\/p>\n","protected":false},"excerpt":{"rendered":"<p>Voir disponibilit\u00e9 en magasin Des fruits incroyablement pesants de forme allong\u00e9e mesurent 2,5 cm (1&#8243;). Ils ont une saveur \u00e9pic\u00e9e et sucr\u00e9e, fantastiques fra\u00eeches ou s\u00e8ches. Les fruits demeurent frais pendant une p\u00e9riode \u00e9tendue. Similaire en apparence au tomates en grappe de chez l&#8217;\u00c9picier. Ind\u00e9termin\u00e9e &#8211; exige un tuteur. *apr\u00e8s la transplantation au jardin *75-80 [&hellip;]<\/p>\n","protected":false},"featured_media":6872,"comment_status":"closed","ping_status":"open","template":"","meta":{"_acf_changed":false,"_seopress_robots_primary_cat":"","_seopress_titles_title":"","_seopress_titles_desc":"","_seopress_robots_index":"","_seopress_analysis_target_kw":""},"product_brand":[],"product_cat":[31,39],"product_tag":[],"class_list":{"0":"post-6871","1":"product","2":"type-product","3":"status-publish","4":"has-post-thumbnail","6":"product_cat-amenagement-jardin","7":"product_cat-semence-potagere","9":"first","10":"instock","11":"taxable","12":"shipping-taxable","13":"purchasable","14":"product-type-simple"},"acf":[],"_links":{"self":[{"href":"https:\/\/www.paysagesrossignol.com\/en\/wp-json\/wp\/v2\/product\/6871","targetHints":{"allow":["GET"]}}],"collection":[{"href":"https:\/\/www.paysagesrossignol.com\/en\/wp-json\/wp\/v2\/product"}],"about":[{"href":"https:\/\/www.paysagesrossignol.com\/en\/wp-json\/wp\/v2\/types\/product"}],"replies":[{"embeddable":true,"href":"https:\/\/www.paysagesrossignol.com\/en\/wp-json\/wp\/v2\/comments?post=6871"}],"wp:featuredmedia":[{"embeddable":true,"href":"https:\/\/www.paysagesrossignol.com\/en\/wp-json\/wp\/v2\/media\/6872"}],"wp:attachment":[{"href":"https:\/\/www.paysagesrossignol.com\/en\/wp-json\/wp\/v2\/media?parent=6871"}],"wp:term":[{"taxonomy":"product_brand","embeddable":true,"href":"https:\/\/www.paysagesrossignol.com\/en\/wp-json\/wp\/v2\/product_brand?post=6871"},{"taxonomy":"product_cat","embeddable":true,"href":"https:\/\/www.paysagesrossignol.com\/en\/wp-json\/wp\/v2\/product_cat?post=6871"},{"taxonomy":"product_tag","embeddable":true,"href":"https:\/\/www.paysagesrossignol.com\/en\/wp-json\/wp\/v2\/product_tag?post=6871"}],"curies":[{"name":"wp","href":"https:\/\/api.w.org\/{rel}","templated":true}]}}