{"id":6905,"date":"2026-03-10T04:00:03","date_gmt":"2026-03-10T08:00:03","guid":{"rendered":"https:\/\/www.paysagesrossignol.com\/product\/basilic-citron-2\/"},"modified":"2026-05-04T10:32:22","modified_gmt":"2026-05-04T14:32:22","slug":"basilic-citron-2","status":"publish","type":"product","link":"https:\/\/www.paysagesrossignol.com\/en\/product\/basilic-citron-2\/","title":{"rendered":"Basilic Citron"},"content":{"rendered":"<h1>Voir disponibilit\u00e9 en magasin<\/h1>\n<p>Feuilles \u00e9troites, duveteuses, vert p\u00e2le. Go\u00fbt et ar\u00f4me de citron. Minces \u00e9pis de petites fleurs blanches. Cueillez les feuilles et les tiges en tout moment pour la consommation imm\u00e9diate. Pour le s\u00e9chage, r\u00e9coltez juste avant la floraison. Commencez \u00e0 ensemencer \u00e0 n&#8217;importe quel moment pour l&#8217;int\u00e9rieur. Hauteur de la plante: 90 cm (36&#8243;): Annuelle.<\/p>\n<p>80 jours \u00e0 la r\u00e9colte<\/p>\n<p>McKenzie<\/p>\n","protected":false},"excerpt":{"rendered":"<p>Voir disponibilit\u00e9 en magasin Feuilles \u00e9troites, duveteuses, vert p\u00e2le. Go\u00fbt et ar\u00f4me de citron. Minces \u00e9pis de petites fleurs blanches. Cueillez les feuilles et les tiges en tout moment pour la consommation imm\u00e9diate. Pour le s\u00e9chage, r\u00e9coltez juste avant la floraison. Commencez \u00e0 ensemencer \u00e0 n&#8217;importe quel moment pour l&#8217;int\u00e9rieur. Hauteur de la plante: 90 [&hellip;]<\/p>\n","protected":false},"featured_media":6906,"comment_status":"closed","ping_status":"open","template":"","meta":{"_acf_changed":false,"_seopress_robots_primary_cat":"","_seopress_titles_title":"","_seopress_titles_desc":"","_seopress_robots_index":"","_seopress_analysis_target_kw":""},"product_brand":[],"product_cat":[31,39],"product_tag":[],"class_list":{"0":"post-6905","1":"product","2":"type-product","3":"status-publish","4":"has-post-thumbnail","6":"product_cat-amenagement-jardin","7":"product_cat-semence-potagere","9":"first","10":"instock","11":"taxable","12":"shipping-taxable","13":"purchasable","14":"product-type-simple"},"acf":[],"_links":{"self":[{"href":"https:\/\/www.paysagesrossignol.com\/en\/wp-json\/wp\/v2\/product\/6905","targetHints":{"allow":["GET"]}}],"collection":[{"href":"https:\/\/www.paysagesrossignol.com\/en\/wp-json\/wp\/v2\/product"}],"about":[{"href":"https:\/\/www.paysagesrossignol.com\/en\/wp-json\/wp\/v2\/types\/product"}],"replies":[{"embeddable":true,"href":"https:\/\/www.paysagesrossignol.com\/en\/wp-json\/wp\/v2\/comments?post=6905"}],"wp:featuredmedia":[{"embeddable":true,"href":"https:\/\/www.paysagesrossignol.com\/en\/wp-json\/wp\/v2\/media\/6906"}],"wp:attachment":[{"href":"https:\/\/www.paysagesrossignol.com\/en\/wp-json\/wp\/v2\/media?parent=6905"}],"wp:term":[{"taxonomy":"product_brand","embeddable":true,"href":"https:\/\/www.paysagesrossignol.com\/en\/wp-json\/wp\/v2\/product_brand?post=6905"},{"taxonomy":"product_cat","embeddable":true,"href":"https:\/\/www.paysagesrossignol.com\/en\/wp-json\/wp\/v2\/product_cat?post=6905"},{"taxonomy":"product_tag","embeddable":true,"href":"https:\/\/www.paysagesrossignol.com\/en\/wp-json\/wp\/v2\/product_tag?post=6905"}],"curies":[{"name":"wp","href":"https:\/\/api.w.org\/{rel}","templated":true}]}}