{"id":6921,"date":"2026-03-10T04:00:11","date_gmt":"2026-03-10T08:00:11","guid":{"rendered":"https:\/\/www.paysagesrossignol.com\/product\/melisse-mckenzie\/"},"modified":"2026-05-04T10:32:31","modified_gmt":"2026-05-04T14:32:31","slug":"melisse-mckenzie","status":"publish","type":"product","link":"https:\/\/www.paysagesrossignol.com\/en\/product\/melisse-mckenzie\/","title":{"rendered":"M\u00e9lisse"},"content":{"rendered":"<h1>Voir disponibilit\u00e9 en magasin<\/h1>\n<p>La m\u00e9lisse est une plante buissonnante au feuillage vert tendre. Elle d\u00e9gage une senteur citronn\u00e9e et ses feuilles ont un go\u00fbt de menthe citronn\u00e9e. Elle s&#8217;utilise dans la soupe et avec la viande, le poisson, les sauces et les salades. Se repique facilement. La r\u00e9colte des feuilles se fait en tout temps. Pour conserver la saveur des feuilles s\u00e9ch\u00e9es, r\u00e9coltez t\u00f4t le matin et faites s\u00e9cher rapidement. Vivace. Zones 4-9<\/p>\n<p>95 jours \u00e0 la r\u00e9colte<\/p>\n<p>McKenzie<\/p>\n","protected":false},"excerpt":{"rendered":"<p>Voir disponibilit\u00e9 en magasin La m\u00e9lisse est une plante buissonnante au feuillage vert tendre. Elle d\u00e9gage une senteur citronn\u00e9e et ses feuilles ont un go\u00fbt de menthe citronn\u00e9e. Elle s&#8217;utilise dans la soupe et avec la viande, le poisson, les sauces et les salades. Se repique facilement. La r\u00e9colte des feuilles se fait en tout [&hellip;]<\/p>\n","protected":false},"featured_media":6922,"comment_status":"closed","ping_status":"open","template":"","meta":{"_acf_changed":false,"_seopress_robots_primary_cat":"","_seopress_titles_title":"","_seopress_titles_desc":"","_seopress_robots_index":"","_seopress_analysis_target_kw":""},"product_brand":[],"product_cat":[31,39],"product_tag":[],"class_list":{"0":"post-6921","1":"product","2":"type-product","3":"status-publish","4":"has-post-thumbnail","6":"product_cat-amenagement-jardin","7":"product_cat-semence-potagere","9":"first","10":"instock","11":"taxable","12":"shipping-taxable","13":"purchasable","14":"product-type-simple"},"acf":[],"_links":{"self":[{"href":"https:\/\/www.paysagesrossignol.com\/en\/wp-json\/wp\/v2\/product\/6921","targetHints":{"allow":["GET"]}}],"collection":[{"href":"https:\/\/www.paysagesrossignol.com\/en\/wp-json\/wp\/v2\/product"}],"about":[{"href":"https:\/\/www.paysagesrossignol.com\/en\/wp-json\/wp\/v2\/types\/product"}],"replies":[{"embeddable":true,"href":"https:\/\/www.paysagesrossignol.com\/en\/wp-json\/wp\/v2\/comments?post=6921"}],"wp:featuredmedia":[{"embeddable":true,"href":"https:\/\/www.paysagesrossignol.com\/en\/wp-json\/wp\/v2\/media\/6922"}],"wp:attachment":[{"href":"https:\/\/www.paysagesrossignol.com\/en\/wp-json\/wp\/v2\/media?parent=6921"}],"wp:term":[{"taxonomy":"product_brand","embeddable":true,"href":"https:\/\/www.paysagesrossignol.com\/en\/wp-json\/wp\/v2\/product_brand?post=6921"},{"taxonomy":"product_cat","embeddable":true,"href":"https:\/\/www.paysagesrossignol.com\/en\/wp-json\/wp\/v2\/product_cat?post=6921"},{"taxonomy":"product_tag","embeddable":true,"href":"https:\/\/www.paysagesrossignol.com\/en\/wp-json\/wp\/v2\/product_tag?post=6921"}],"curies":[{"name":"wp","href":"https:\/\/api.w.org\/{rel}","templated":true}]}}