{"id":6931,"date":"2026-03-10T04:00:11","date_gmt":"2026-03-10T08:00:11","guid":{"rendered":"https:\/\/www.paysagesrossignol.com\/product\/sarriette-des-jardins\/"},"modified":"2026-05-04T10:32:36","modified_gmt":"2026-05-04T14:32:36","slug":"sarriette-des-jardins","status":"publish","type":"product","link":"https:\/\/www.paysagesrossignol.com\/en\/product\/sarriette-des-jardins\/","title":{"rendered":"Sarriette des Jardins"},"content":{"rendered":"<h1>Voir disponibilit\u00e9 en magasin<\/h1>\n<p>Les feuilles ont un go\u00fbt piquant et piment\u00e9 qui convient bien aux mets \u00e0 base de f\u00e8ves, aux p\u00e2t\u00e9s \u00e0 la viande, aux farces pour la volaille, aux salades, soupes et casseroles. Pr\u00e9f\u00e8re un sol bien drain\u00e9. Maintenez humide. Tassez le sol \u00e0 la base de la tige pour pr\u00e9venir l&#8217;affaissement des plants. Pour le s\u00e9chage, coupez le plant \u00e0 sa base juste avant la floraison et suspendez le \u00e0 l&#8217;envers. Hauteur de la plante: 30-45 cm (12-18&#8243;). Annuelle.<\/p>\n<p>60 jours \u00e0 la r\u00e9colte<\/p>\n<p>McKenzie<\/p>\n","protected":false},"excerpt":{"rendered":"<p>Voir disponibilit\u00e9 en magasin Les feuilles ont un go\u00fbt piquant et piment\u00e9 qui convient bien aux mets \u00e0 base de f\u00e8ves, aux p\u00e2t\u00e9s \u00e0 la viande, aux farces pour la volaille, aux salades, soupes et casseroles. Pr\u00e9f\u00e8re un sol bien drain\u00e9. Maintenez humide. Tassez le sol \u00e0 la base de la tige pour pr\u00e9venir l&#8217;affaissement [&hellip;]<\/p>\n","protected":false},"featured_media":6932,"comment_status":"closed","ping_status":"open","template":"","meta":{"_acf_changed":false,"_seopress_robots_primary_cat":"","_seopress_titles_title":"","_seopress_titles_desc":"","_seopress_robots_index":"","_seopress_analysis_target_kw":""},"product_brand":[],"product_cat":[31,39],"product_tag":[],"class_list":{"0":"post-6931","1":"product","2":"type-product","3":"status-publish","4":"has-post-thumbnail","6":"product_cat-amenagement-jardin","7":"product_cat-semence-potagere","9":"first","10":"instock","11":"taxable","12":"shipping-taxable","13":"purchasable","14":"product-type-simple"},"acf":[],"_links":{"self":[{"href":"https:\/\/www.paysagesrossignol.com\/en\/wp-json\/wp\/v2\/product\/6931","targetHints":{"allow":["GET"]}}],"collection":[{"href":"https:\/\/www.paysagesrossignol.com\/en\/wp-json\/wp\/v2\/product"}],"about":[{"href":"https:\/\/www.paysagesrossignol.com\/en\/wp-json\/wp\/v2\/types\/product"}],"replies":[{"embeddable":true,"href":"https:\/\/www.paysagesrossignol.com\/en\/wp-json\/wp\/v2\/comments?post=6931"}],"wp:featuredmedia":[{"embeddable":true,"href":"https:\/\/www.paysagesrossignol.com\/en\/wp-json\/wp\/v2\/media\/6932"}],"wp:attachment":[{"href":"https:\/\/www.paysagesrossignol.com\/en\/wp-json\/wp\/v2\/media?parent=6931"}],"wp:term":[{"taxonomy":"product_brand","embeddable":true,"href":"https:\/\/www.paysagesrossignol.com\/en\/wp-json\/wp\/v2\/product_brand?post=6931"},{"taxonomy":"product_cat","embeddable":true,"href":"https:\/\/www.paysagesrossignol.com\/en\/wp-json\/wp\/v2\/product_cat?post=6931"},{"taxonomy":"product_tag","embeddable":true,"href":"https:\/\/www.paysagesrossignol.com\/en\/wp-json\/wp\/v2\/product_tag?post=6931"}],"curies":[{"name":"wp","href":"https:\/\/api.w.org\/{rel}","templated":true}]}}