{"id":6961,"date":"2026-03-10T04:00:37","date_gmt":"2026-03-10T08:00:37","guid":{"rendered":"https:\/\/www.paysagesrossignol.com\/product\/haricot-tendergreen-improved-nain\/"},"modified":"2026-05-04T10:32:56","modified_gmt":"2026-05-04T14:32:56","slug":"haricot-tendergreen-improved-nain","status":"publish","type":"product","link":"https:\/\/www.paysagesrossignol.com\/en\/product\/haricot-tendergreen-improved-nain\/","title":{"rendered":"Haricot Tendergreen Improved (Nain)"},"content":{"rendered":"<h1>Voir disponibilit\u00e9 en magasin<\/h1>\n<p>Un haricot vert tendre, lisse et tr\u00e8s charnu. Extr\u00eamement populaire aupr\u00e8s des horticulteurs \u00e0 cause de sa r\u00e9sistance aux maladies, de sa tol\u00e9rance \u00e0 la chaleur et de sa production prolifique. Les haricots droits et longs de 15 cm (6&#8243;) conviennent parfaitement pour l&#8217;utilisation fra\u00eeche ou la cong\u00e9lation. \u00c9vitez de toucher aux plants lorsque leur feuillage est mouill\u00e9 ou humide.<\/p>\n<p>52-57 jours \u00e0 la r\u00e9colte<\/p>\n<p>McKenzie<\/p>\n","protected":false},"excerpt":{"rendered":"<p>Voir disponibilit\u00e9 en magasin Un haricot vert tendre, lisse et tr\u00e8s charnu. Extr\u00eamement populaire aupr\u00e8s des horticulteurs \u00e0 cause de sa r\u00e9sistance aux maladies, de sa tol\u00e9rance \u00e0 la chaleur et de sa production prolifique. Les haricots droits et longs de 15 cm (6&#8243;) conviennent parfaitement pour l&#8217;utilisation fra\u00eeche ou la cong\u00e9lation. \u00c9vitez de toucher [&hellip;]<\/p>\n","protected":false},"featured_media":6962,"comment_status":"closed","ping_status":"open","template":"","meta":{"_acf_changed":false,"_seopress_robots_primary_cat":"","_seopress_titles_title":"","_seopress_titles_desc":"","_seopress_robots_index":"","_seopress_analysis_target_kw":""},"product_brand":[],"product_cat":[31,39],"product_tag":[],"class_list":{"0":"post-6961","1":"product","2":"type-product","3":"status-publish","4":"has-post-thumbnail","6":"product_cat-amenagement-jardin","7":"product_cat-semence-potagere","9":"first","10":"instock","11":"taxable","12":"shipping-taxable","13":"purchasable","14":"product-type-simple"},"acf":[],"_links":{"self":[{"href":"https:\/\/www.paysagesrossignol.com\/en\/wp-json\/wp\/v2\/product\/6961","targetHints":{"allow":["GET"]}}],"collection":[{"href":"https:\/\/www.paysagesrossignol.com\/en\/wp-json\/wp\/v2\/product"}],"about":[{"href":"https:\/\/www.paysagesrossignol.com\/en\/wp-json\/wp\/v2\/types\/product"}],"replies":[{"embeddable":true,"href":"https:\/\/www.paysagesrossignol.com\/en\/wp-json\/wp\/v2\/comments?post=6961"}],"wp:featuredmedia":[{"embeddable":true,"href":"https:\/\/www.paysagesrossignol.com\/en\/wp-json\/wp\/v2\/media\/6962"}],"wp:attachment":[{"href":"https:\/\/www.paysagesrossignol.com\/en\/wp-json\/wp\/v2\/media?parent=6961"}],"wp:term":[{"taxonomy":"product_brand","embeddable":true,"href":"https:\/\/www.paysagesrossignol.com\/en\/wp-json\/wp\/v2\/product_brand?post=6961"},{"taxonomy":"product_cat","embeddable":true,"href":"https:\/\/www.paysagesrossignol.com\/en\/wp-json\/wp\/v2\/product_cat?post=6961"},{"taxonomy":"product_tag","embeddable":true,"href":"https:\/\/www.paysagesrossignol.com\/en\/wp-json\/wp\/v2\/product_tag?post=6961"}],"curies":[{"name":"wp","href":"https:\/\/api.w.org\/{rel}","templated":true}]}}