{"id":6969,"date":"2026-03-10T04:00:37","date_gmt":"2026-03-10T08:00:37","guid":{"rendered":"https:\/\/www.paysagesrossignol.com\/product\/concombre-spring-burpless\/"},"modified":"2026-05-04T10:33:01","modified_gmt":"2026-05-04T14:33:01","slug":"concombre-spring-burpless","status":"publish","type":"product","link":"https:\/\/www.paysagesrossignol.com\/en\/product\/concombre-spring-burpless\/","title":{"rendered":"Concombre Spring Burpless"},"content":{"rendered":"<h1>Voir disponibilit\u00e9 en magasin<\/h1>\n<p>Produit de d\u00e9licieux fruits croquants, doux et sans amertume, presque sans \u00e9pines. Peau mince ne n\u00e9cessitant pas d&#8217;\u00e9pluchage. Fruit de 20-30 cm (8-12&#8243;) de longueur qui pousse droit quand le plant est tuteur\u00e9 ou tordu si on le laisse pousser au sol. R\u00e9sistant aux maladies.<\/p>\n<p>55 jours \u00e0 la r\u00e9colte<\/p>\n<p>McKenzie<\/p>\n","protected":false},"excerpt":{"rendered":"<p>Voir disponibilit\u00e9 en magasin Produit de d\u00e9licieux fruits croquants, doux et sans amertume, presque sans \u00e9pines. Peau mince ne n\u00e9cessitant pas d&#8217;\u00e9pluchage. Fruit de 20-30 cm (8-12&#8243;) de longueur qui pousse droit quand le plant est tuteur\u00e9 ou tordu si on le laisse pousser au sol. R\u00e9sistant aux maladies. 55 jours \u00e0 la r\u00e9colte McKenzie<\/p>\n","protected":false},"featured_media":6970,"comment_status":"closed","ping_status":"open","template":"","meta":{"_acf_changed":false,"_seopress_robots_primary_cat":"","_seopress_titles_title":"","_seopress_titles_desc":"","_seopress_robots_index":"","_seopress_analysis_target_kw":""},"product_brand":[],"product_cat":[31,39],"product_tag":[],"class_list":{"0":"post-6969","1":"product","2":"type-product","3":"status-publish","4":"has-post-thumbnail","6":"product_cat-amenagement-jardin","7":"product_cat-semence-potagere","9":"first","10":"instock","11":"taxable","12":"shipping-taxable","13":"purchasable","14":"product-type-simple"},"acf":[],"_links":{"self":[{"href":"https:\/\/www.paysagesrossignol.com\/en\/wp-json\/wp\/v2\/product\/6969","targetHints":{"allow":["GET"]}}],"collection":[{"href":"https:\/\/www.paysagesrossignol.com\/en\/wp-json\/wp\/v2\/product"}],"about":[{"href":"https:\/\/www.paysagesrossignol.com\/en\/wp-json\/wp\/v2\/types\/product"}],"replies":[{"embeddable":true,"href":"https:\/\/www.paysagesrossignol.com\/en\/wp-json\/wp\/v2\/comments?post=6969"}],"wp:featuredmedia":[{"embeddable":true,"href":"https:\/\/www.paysagesrossignol.com\/en\/wp-json\/wp\/v2\/media\/6970"}],"wp:attachment":[{"href":"https:\/\/www.paysagesrossignol.com\/en\/wp-json\/wp\/v2\/media?parent=6969"}],"wp:term":[{"taxonomy":"product_brand","embeddable":true,"href":"https:\/\/www.paysagesrossignol.com\/en\/wp-json\/wp\/v2\/product_brand?post=6969"},{"taxonomy":"product_cat","embeddable":true,"href":"https:\/\/www.paysagesrossignol.com\/en\/wp-json\/wp\/v2\/product_cat?post=6969"},{"taxonomy":"product_tag","embeddable":true,"href":"https:\/\/www.paysagesrossignol.com\/en\/wp-json\/wp\/v2\/product_tag?post=6969"}],"curies":[{"name":"wp","href":"https:\/\/api.w.org\/{rel}","templated":true}]}}