{"id":6982,"date":"2026-03-10T04:00:44","date_gmt":"2026-03-10T08:00:44","guid":{"rendered":"https:\/\/www.paysagesrossignol.com\/product\/herbe-a-chats-avoine\/"},"modified":"2026-05-04T10:33:08","modified_gmt":"2026-05-04T14:33:08","slug":"herbe-a-chats-avoine","status":"publish","type":"product","link":"https:\/\/www.paysagesrossignol.com\/en\/product\/herbe-a-chats-avoine\/","title":{"rendered":"Herbe \u00e0 Chats Avoine"},"content":{"rendered":"<h1>Voir disponibilit\u00e9 en magasin<\/h1>\n<p>Vos chatons seront aux anges! C&#8217;est le cadeau parfait pour offrir un cadeau \u00e0 minou! L&#8217;avoine pousse rapidement et les chats commenceront \u00e0 jouer avec ses feuilles et \u00e0 croquer ses extr\u00e9mit\u00e9s d\u00e8s la germination. C&#8217;est une fa\u00e7on formidable de ramener un peu de verdure dans la vie de votre animal favori en plein hiver. Les chats aiment se frotter contre l&#8217;herbe et la mordiller. Avena Sativa<\/p>\n<p>7-10 jours \u00e0 la r\u00e9colte<\/p>\n<p>McKenzie<\/p>\n","protected":false},"excerpt":{"rendered":"<p>Voir disponibilit\u00e9 en magasin Vos chatons seront aux anges! C&#8217;est le cadeau parfait pour offrir un cadeau \u00e0 minou! L&#8217;avoine pousse rapidement et les chats commenceront \u00e0 jouer avec ses feuilles et \u00e0 croquer ses extr\u00e9mit\u00e9s d\u00e8s la germination. C&#8217;est une fa\u00e7on formidable de ramener un peu de verdure dans la vie de votre animal [&hellip;]<\/p>\n","protected":false},"featured_media":6983,"comment_status":"closed","ping_status":"open","template":"","meta":{"_acf_changed":false,"_seopress_robots_primary_cat":"","_seopress_titles_title":"","_seopress_titles_desc":"","_seopress_robots_index":"","_seopress_analysis_target_kw":""},"product_brand":[],"product_cat":[31,39],"product_tag":[],"class_list":{"0":"post-6982","1":"product","2":"type-product","3":"status-publish","4":"has-post-thumbnail","6":"product_cat-amenagement-jardin","7":"product_cat-semence-potagere","9":"first","10":"instock","11":"taxable","12":"shipping-taxable","13":"purchasable","14":"product-type-simple"},"acf":[],"_links":{"self":[{"href":"https:\/\/www.paysagesrossignol.com\/en\/wp-json\/wp\/v2\/product\/6982","targetHints":{"allow":["GET"]}}],"collection":[{"href":"https:\/\/www.paysagesrossignol.com\/en\/wp-json\/wp\/v2\/product"}],"about":[{"href":"https:\/\/www.paysagesrossignol.com\/en\/wp-json\/wp\/v2\/types\/product"}],"replies":[{"embeddable":true,"href":"https:\/\/www.paysagesrossignol.com\/en\/wp-json\/wp\/v2\/comments?post=6982"}],"wp:featuredmedia":[{"embeddable":true,"href":"https:\/\/www.paysagesrossignol.com\/en\/wp-json\/wp\/v2\/media\/6983"}],"wp:attachment":[{"href":"https:\/\/www.paysagesrossignol.com\/en\/wp-json\/wp\/v2\/media?parent=6982"}],"wp:term":[{"taxonomy":"product_brand","embeddable":true,"href":"https:\/\/www.paysagesrossignol.com\/en\/wp-json\/wp\/v2\/product_brand?post=6982"},{"taxonomy":"product_cat","embeddable":true,"href":"https:\/\/www.paysagesrossignol.com\/en\/wp-json\/wp\/v2\/product_cat?post=6982"},{"taxonomy":"product_tag","embeddable":true,"href":"https:\/\/www.paysagesrossignol.com\/en\/wp-json\/wp\/v2\/product_tag?post=6982"}],"curies":[{"name":"wp","href":"https:\/\/api.w.org\/{rel}","templated":true}]}}