{"id":6988,"date":"2026-03-10T04:00:44","date_gmt":"2026-03-10T08:00:44","guid":{"rendered":"https:\/\/www.paysagesrossignol.com\/product\/courge-butternut-2\/"},"modified":"2026-05-04T10:33:10","modified_gmt":"2026-05-04T14:33:10","slug":"courge-butternut-2","status":"publish","type":"product","link":"https:\/\/www.paysagesrossignol.com\/en\/product\/courge-butternut-2\/","title":{"rendered":"Courge Butternut"},"content":{"rendered":"<h1>Voir disponibilit\u00e9 en magasin<\/h1>\n<p>L&#8217;\u00e9corce d&#8217;un brun cr\u00e9meux et la chair jaune orang\u00e9 rendent cette courge en forme de bouteille tr\u00e8s populaire. Fruit de 12,5 x 30 cm (5 x 12&#8243;). Arrosez g\u00e9n\u00e9reusement en p\u00e9riode de s\u00e9cheresse. Attention aux gels de fin de saison! Un gel l\u00e9ger ne nuira pas, mais un gel profond affectera la qualit\u00e9 de conservation. R\u00e9sistante \u00e0 la punaise de la courge.<\/p>\n<p>85-100 jours \u00e0 la r\u00e9colte<\/p>\n<p>McKenzie<\/p>\n","protected":false},"excerpt":{"rendered":"<p>Voir disponibilit\u00e9 en magasin L&#8217;\u00e9corce d&#8217;un brun cr\u00e9meux et la chair jaune orang\u00e9 rendent cette courge en forme de bouteille tr\u00e8s populaire. Fruit de 12,5 x 30 cm (5 x 12&#8243;). Arrosez g\u00e9n\u00e9reusement en p\u00e9riode de s\u00e9cheresse. Attention aux gels de fin de saison! Un gel l\u00e9ger ne nuira pas, mais un gel profond affectera [&hellip;]<\/p>\n","protected":false},"featured_media":6989,"comment_status":"closed","ping_status":"open","template":"","meta":{"_acf_changed":false,"_seopress_robots_primary_cat":"","_seopress_titles_title":"","_seopress_titles_desc":"","_seopress_robots_index":"","_seopress_analysis_target_kw":""},"product_brand":[],"product_cat":[31,39],"product_tag":[],"class_list":{"0":"post-6988","1":"product","2":"type-product","3":"status-publish","4":"has-post-thumbnail","6":"product_cat-amenagement-jardin","7":"product_cat-semence-potagere","9":"first","10":"instock","11":"taxable","12":"shipping-taxable","13":"purchasable","14":"product-type-simple"},"acf":[],"_links":{"self":[{"href":"https:\/\/www.paysagesrossignol.com\/en\/wp-json\/wp\/v2\/product\/6988","targetHints":{"allow":["GET"]}}],"collection":[{"href":"https:\/\/www.paysagesrossignol.com\/en\/wp-json\/wp\/v2\/product"}],"about":[{"href":"https:\/\/www.paysagesrossignol.com\/en\/wp-json\/wp\/v2\/types\/product"}],"replies":[{"embeddable":true,"href":"https:\/\/www.paysagesrossignol.com\/en\/wp-json\/wp\/v2\/comments?post=6988"}],"wp:featuredmedia":[{"embeddable":true,"href":"https:\/\/www.paysagesrossignol.com\/en\/wp-json\/wp\/v2\/media\/6989"}],"wp:attachment":[{"href":"https:\/\/www.paysagesrossignol.com\/en\/wp-json\/wp\/v2\/media?parent=6988"}],"wp:term":[{"taxonomy":"product_brand","embeddable":true,"href":"https:\/\/www.paysagesrossignol.com\/en\/wp-json\/wp\/v2\/product_brand?post=6988"},{"taxonomy":"product_cat","embeddable":true,"href":"https:\/\/www.paysagesrossignol.com\/en\/wp-json\/wp\/v2\/product_cat?post=6988"},{"taxonomy":"product_tag","embeddable":true,"href":"https:\/\/www.paysagesrossignol.com\/en\/wp-json\/wp\/v2\/product_tag?post=6988"}],"curies":[{"name":"wp","href":"https:\/\/api.w.org\/{rel}","templated":true}]}}