{"id":6992,"date":"2026-03-10T04:00:44","date_gmt":"2026-03-10T08:00:44","guid":{"rendered":"https:\/\/www.paysagesrossignol.com\/product\/chou-early-copenhagen-market\/"},"modified":"2026-05-04T10:33:12","modified_gmt":"2026-05-04T14:33:12","slug":"chou-early-copenhagen-market","status":"publish","type":"product","link":"https:\/\/www.paysagesrossignol.com\/en\/product\/chou-early-copenhagen-market\/","title":{"rendered":"Chou Early Copenhagen Market"},"content":{"rendered":"<h1>Voir disponibilit\u00e9 en magasin<\/h1>\n<p>L&#8217;un des choux les plus gros et les plus pr\u00e9coces dont les t\u00eates peuvent atteindre 1 \u00e0 1,5 kg (2 \u00e0 3 lbs) \u00e0 maturit\u00e9. Une excellente vari\u00e9t\u00e9 qui se conserve tr\u00e8s bien et qui est tr\u00e8s appr\u00e9ci\u00e9es tant cuite que crue. Les jardiniers l&#8217;appr\u00e9cient en raison de sa production constante et de son go\u00fbt d\u00e9licieux. *apr\u00e8s la transplantation au jardin.<\/p>\n<p>*65-70 jours \u00e0 la r\u00e9colte<\/p>\n<p>McKenzie<\/p>\n","protected":false},"excerpt":{"rendered":"<p>Voir disponibilit\u00e9 en magasin L&#8217;un des choux les plus gros et les plus pr\u00e9coces dont les t\u00eates peuvent atteindre 1 \u00e0 1,5 kg (2 \u00e0 3 lbs) \u00e0 maturit\u00e9. Une excellente vari\u00e9t\u00e9 qui se conserve tr\u00e8s bien et qui est tr\u00e8s appr\u00e9ci\u00e9es tant cuite que crue. Les jardiniers l&#8217;appr\u00e9cient en raison de sa production constante [&hellip;]<\/p>\n","protected":false},"featured_media":6993,"comment_status":"closed","ping_status":"open","template":"","meta":{"_acf_changed":false,"_seopress_robots_primary_cat":"","_seopress_titles_title":"","_seopress_titles_desc":"","_seopress_robots_index":"","_seopress_analysis_target_kw":""},"product_brand":[],"product_cat":[31,39],"product_tag":[],"class_list":{"0":"post-6992","1":"product","2":"type-product","3":"status-publish","4":"has-post-thumbnail","6":"product_cat-amenagement-jardin","7":"product_cat-semence-potagere","9":"first","10":"instock","11":"taxable","12":"shipping-taxable","13":"purchasable","14":"product-type-simple"},"acf":[],"_links":{"self":[{"href":"https:\/\/www.paysagesrossignol.com\/en\/wp-json\/wp\/v2\/product\/6992","targetHints":{"allow":["GET"]}}],"collection":[{"href":"https:\/\/www.paysagesrossignol.com\/en\/wp-json\/wp\/v2\/product"}],"about":[{"href":"https:\/\/www.paysagesrossignol.com\/en\/wp-json\/wp\/v2\/types\/product"}],"replies":[{"embeddable":true,"href":"https:\/\/www.paysagesrossignol.com\/en\/wp-json\/wp\/v2\/comments?post=6992"}],"wp:featuredmedia":[{"embeddable":true,"href":"https:\/\/www.paysagesrossignol.com\/en\/wp-json\/wp\/v2\/media\/6993"}],"wp:attachment":[{"href":"https:\/\/www.paysagesrossignol.com\/en\/wp-json\/wp\/v2\/media?parent=6992"}],"wp:term":[{"taxonomy":"product_brand","embeddable":true,"href":"https:\/\/www.paysagesrossignol.com\/en\/wp-json\/wp\/v2\/product_brand?post=6992"},{"taxonomy":"product_cat","embeddable":true,"href":"https:\/\/www.paysagesrossignol.com\/en\/wp-json\/wp\/v2\/product_cat?post=6992"},{"taxonomy":"product_tag","embeddable":true,"href":"https:\/\/www.paysagesrossignol.com\/en\/wp-json\/wp\/v2\/product_tag?post=6992"}],"curies":[{"name":"wp","href":"https:\/\/api.w.org\/{rel}","templated":true}]}}