{"id":6995,"date":"2026-03-10T04:00:51","date_gmt":"2026-03-10T08:00:51","guid":{"rendered":"https:\/\/www.paysagesrossignol.com\/product\/haricot-romano-nain\/"},"modified":"2026-05-04T10:33:13","modified_gmt":"2026-05-04T14:33:13","slug":"haricot-romano-nain","status":"publish","type":"product","link":"https:\/\/www.paysagesrossignol.com\/en\/product\/haricot-romano-nain\/","title":{"rendered":"Haricot Romano (Nain)"},"content":{"rendered":"<h1>Voir disponibilit\u00e9 en magasin<\/h1>\n<p>Ce haricot gourmet offre une saveur particuli\u00e8re. Ses cosses larges et aplaties de 12.5-15 cm (5-6&#8243;) de long sont produites en abondance sur un plant haut de 38-50 cm (15-20&#8243;). Haricot tr\u00e8s charnu et sans fils. Une excellente s\u00e9lection pour la cong\u00e9lation.<\/p>\n<p>59 jours \u00e0 la r\u00e9colte<\/p>\n<p>McKenzie<\/p>\n","protected":false},"excerpt":{"rendered":"<p>Voir disponibilit\u00e9 en magasin Ce haricot gourmet offre une saveur particuli\u00e8re. Ses cosses larges et aplaties de 12.5-15 cm (5-6&#8243;) de long sont produites en abondance sur un plant haut de 38-50 cm (15-20&#8243;). Haricot tr\u00e8s charnu et sans fils. Une excellente s\u00e9lection pour la cong\u00e9lation. 59 jours \u00e0 la r\u00e9colte McKenzie<\/p>\n","protected":false},"featured_media":6996,"comment_status":"closed","ping_status":"open","template":"","meta":{"_acf_changed":false,"_seopress_robots_primary_cat":"","_seopress_titles_title":"","_seopress_titles_desc":"","_seopress_robots_index":"","_seopress_analysis_target_kw":""},"product_brand":[],"product_cat":[31,39],"product_tag":[],"class_list":{"0":"post-6995","1":"product","2":"type-product","3":"status-publish","4":"has-post-thumbnail","6":"product_cat-amenagement-jardin","7":"product_cat-semence-potagere","9":"first","10":"instock","11":"taxable","12":"shipping-taxable","13":"purchasable","14":"product-type-simple"},"acf":[],"_links":{"self":[{"href":"https:\/\/www.paysagesrossignol.com\/en\/wp-json\/wp\/v2\/product\/6995","targetHints":{"allow":["GET"]}}],"collection":[{"href":"https:\/\/www.paysagesrossignol.com\/en\/wp-json\/wp\/v2\/product"}],"about":[{"href":"https:\/\/www.paysagesrossignol.com\/en\/wp-json\/wp\/v2\/types\/product"}],"replies":[{"embeddable":true,"href":"https:\/\/www.paysagesrossignol.com\/en\/wp-json\/wp\/v2\/comments?post=6995"}],"wp:featuredmedia":[{"embeddable":true,"href":"https:\/\/www.paysagesrossignol.com\/en\/wp-json\/wp\/v2\/media\/6996"}],"wp:attachment":[{"href":"https:\/\/www.paysagesrossignol.com\/en\/wp-json\/wp\/v2\/media?parent=6995"}],"wp:term":[{"taxonomy":"product_brand","embeddable":true,"href":"https:\/\/www.paysagesrossignol.com\/en\/wp-json\/wp\/v2\/product_brand?post=6995"},{"taxonomy":"product_cat","embeddable":true,"href":"https:\/\/www.paysagesrossignol.com\/en\/wp-json\/wp\/v2\/product_cat?post=6995"},{"taxonomy":"product_tag","embeddable":true,"href":"https:\/\/www.paysagesrossignol.com\/en\/wp-json\/wp\/v2\/product_tag?post=6995"}],"curies":[{"name":"wp","href":"https:\/\/api.w.org\/{rel}","templated":true}]}}