{"id":6998,"date":"2026-03-10T04:00:51","date_gmt":"2026-03-10T08:00:51","guid":{"rendered":"https:\/\/www.paysagesrossignol.com\/product\/carotte-red-cored-chantenay-mckenzie\/"},"modified":"2026-05-04T10:33:14","modified_gmt":"2026-05-04T14:33:14","slug":"carotte-red-cored-chantenay-mckenzie","status":"publish","type":"product","link":"https:\/\/www.paysagesrossignol.com\/en\/product\/carotte-red-cored-chantenay-mckenzie\/","title":{"rendered":"Carotte Red Cored Chantenay"},"content":{"rendered":"<h1>Voir disponibilit\u00e9 en magasin<\/h1>\n<p>Une vari\u00e9t\u00e9 particuli\u00e8rement efficace dans les sols lourds. Rouge orang\u00e9 sans coeur distinct. Plus \u00e9paisse et plus courte que les carottes ordinaires. Go\u00fbt sucr\u00e9 et texture croquante. Recommand\u00e9 pour la cong\u00e9lation et les conserves. Un sol riche et meuble est id\u00e9al. Une humidit\u00e9 de sol constante est essentielle.<\/p>\n<p>60-70 jours \u00e0 la r\u00e9colte<\/p>\n<p>McKenzie<\/p>\n","protected":false},"excerpt":{"rendered":"<p>Voir disponibilit\u00e9 en magasin Une vari\u00e9t\u00e9 particuli\u00e8rement efficace dans les sols lourds. Rouge orang\u00e9 sans coeur distinct. Plus \u00e9paisse et plus courte que les carottes ordinaires. Go\u00fbt sucr\u00e9 et texture croquante. Recommand\u00e9 pour la cong\u00e9lation et les conserves. Un sol riche et meuble est id\u00e9al. Une humidit\u00e9 de sol constante est essentielle. 60-70 jours \u00e0 [&hellip;]<\/p>\n","protected":false},"featured_media":6999,"comment_status":"closed","ping_status":"open","template":"","meta":{"_acf_changed":false,"_seopress_robots_primary_cat":"","_seopress_titles_title":"","_seopress_titles_desc":"","_seopress_robots_index":"","_seopress_analysis_target_kw":""},"product_brand":[],"product_cat":[31,39],"product_tag":[],"class_list":{"0":"post-6998","1":"product","2":"type-product","3":"status-publish","4":"has-post-thumbnail","6":"product_cat-amenagement-jardin","7":"product_cat-semence-potagere","9":"first","10":"instock","11":"taxable","12":"shipping-taxable","13":"purchasable","14":"product-type-simple"},"acf":[],"_links":{"self":[{"href":"https:\/\/www.paysagesrossignol.com\/en\/wp-json\/wp\/v2\/product\/6998","targetHints":{"allow":["GET"]}}],"collection":[{"href":"https:\/\/www.paysagesrossignol.com\/en\/wp-json\/wp\/v2\/product"}],"about":[{"href":"https:\/\/www.paysagesrossignol.com\/en\/wp-json\/wp\/v2\/types\/product"}],"replies":[{"embeddable":true,"href":"https:\/\/www.paysagesrossignol.com\/en\/wp-json\/wp\/v2\/comments?post=6998"}],"wp:featuredmedia":[{"embeddable":true,"href":"https:\/\/www.paysagesrossignol.com\/en\/wp-json\/wp\/v2\/media\/6999"}],"wp:attachment":[{"href":"https:\/\/www.paysagesrossignol.com\/en\/wp-json\/wp\/v2\/media?parent=6998"}],"wp:term":[{"taxonomy":"product_brand","embeddable":true,"href":"https:\/\/www.paysagesrossignol.com\/en\/wp-json\/wp\/v2\/product_brand?post=6998"},{"taxonomy":"product_cat","embeddable":true,"href":"https:\/\/www.paysagesrossignol.com\/en\/wp-json\/wp\/v2\/product_cat?post=6998"},{"taxonomy":"product_tag","embeddable":true,"href":"https:\/\/www.paysagesrossignol.com\/en\/wp-json\/wp\/v2\/product_tag?post=6998"}],"curies":[{"name":"wp","href":"https:\/\/api.w.org\/{rel}","templated":true}]}}