{"id":7001,"date":"2026-03-10T04:00:51","date_gmt":"2026-03-10T08:00:51","guid":{"rendered":"https:\/\/www.paysagesrossignol.com\/product\/carotte-hybride-tendersweet-long\/"},"modified":"2026-05-04T10:33:15","modified_gmt":"2026-05-04T14:33:15","slug":"carotte-hybride-tendersweet-long","status":"publish","type":"product","link":"https:\/\/www.paysagesrossignol.com\/en\/product\/carotte-hybride-tendersweet-long\/","title":{"rendered":"Carotte Hybride Tendersweet Long"},"content":{"rendered":"<h1>Voir disponibilit\u00e9 en magasin<\/h1>\n<p>Elle atteint 20-25 cm (8-10&#8243;) de long. Saveur et couleur sup\u00e9rieures; taille uniforme. \u00c9claircissez \u00e0 5 cm (2&#8243;) lorsque les plants sont \u00e0 4 cm (1 1\/2&#8243;) de hauteur. Pour une r\u00e9colte continue de jeunes carottes, faites des semis successifs aux deux semaines jusqu&#8217;\u00e0 la mi-\u00e9t\u00e9. Un sol riche et meuble est id\u00e9al. Une humidit\u00e9 de sol constante est essentielle.<\/p>\n<p>75 jours \u00e0 la r\u00e9colte<\/p>\n<p>McKenzie<\/p>\n","protected":false},"excerpt":{"rendered":"<p>Voir disponibilit\u00e9 en magasin Elle atteint 20-25 cm (8-10&#8243;) de long. Saveur et couleur sup\u00e9rieures; taille uniforme. \u00c9claircissez \u00e0 5 cm (2&#8243;) lorsque les plants sont \u00e0 4 cm (1 1\/2&#8243;) de hauteur. Pour une r\u00e9colte continue de jeunes carottes, faites des semis successifs aux deux semaines jusqu&#8217;\u00e0 la mi-\u00e9t\u00e9. Un sol riche et meuble [&hellip;]<\/p>\n","protected":false},"featured_media":7002,"comment_status":"closed","ping_status":"open","template":"","meta":{"_acf_changed":false,"_seopress_robots_primary_cat":"","_seopress_titles_title":"","_seopress_titles_desc":"","_seopress_robots_index":"","_seopress_analysis_target_kw":""},"product_brand":[],"product_cat":[31,39],"product_tag":[],"class_list":{"0":"post-7001","1":"product","2":"type-product","3":"status-publish","4":"has-post-thumbnail","6":"product_cat-amenagement-jardin","7":"product_cat-semence-potagere","9":"first","10":"instock","11":"taxable","12":"shipping-taxable","13":"purchasable","14":"product-type-simple"},"acf":[],"_links":{"self":[{"href":"https:\/\/www.paysagesrossignol.com\/en\/wp-json\/wp\/v2\/product\/7001","targetHints":{"allow":["GET"]}}],"collection":[{"href":"https:\/\/www.paysagesrossignol.com\/en\/wp-json\/wp\/v2\/product"}],"about":[{"href":"https:\/\/www.paysagesrossignol.com\/en\/wp-json\/wp\/v2\/types\/product"}],"replies":[{"embeddable":true,"href":"https:\/\/www.paysagesrossignol.com\/en\/wp-json\/wp\/v2\/comments?post=7001"}],"wp:featuredmedia":[{"embeddable":true,"href":"https:\/\/www.paysagesrossignol.com\/en\/wp-json\/wp\/v2\/media\/7002"}],"wp:attachment":[{"href":"https:\/\/www.paysagesrossignol.com\/en\/wp-json\/wp\/v2\/media?parent=7001"}],"wp:term":[{"taxonomy":"product_brand","embeddable":true,"href":"https:\/\/www.paysagesrossignol.com\/en\/wp-json\/wp\/v2\/product_brand?post=7001"},{"taxonomy":"product_cat","embeddable":true,"href":"https:\/\/www.paysagesrossignol.com\/en\/wp-json\/wp\/v2\/product_cat?post=7001"},{"taxonomy":"product_tag","embeddable":true,"href":"https:\/\/www.paysagesrossignol.com\/en\/wp-json\/wp\/v2\/product_tag?post=7001"}],"curies":[{"name":"wp","href":"https:\/\/api.w.org\/{rel}","templated":true}]}}