{"id":7016,"date":"2026-03-10T04:00:57","date_gmt":"2026-03-10T08:00:57","guid":{"rendered":"https:\/\/www.paysagesrossignol.com\/product\/carotte-little-finger\/"},"modified":"2026-05-04T10:33:21","modified_gmt":"2026-05-04T14:33:21","slug":"carotte-little-finger","status":"publish","type":"product","link":"https:\/\/www.paysagesrossignol.com\/en\/product\/carotte-little-finger\/","title":{"rendered":"Carotte Little Finger"},"content":{"rendered":"<h1>Voir disponibilit\u00e9 en magasin<\/h1>\n<p>Le nec plus ultra des mini carottes. Une vari\u00e9t\u00e9 mi-longue avec des racines orange vif qui sont croquantes avec un noyau tendre. Une vari\u00e9t\u00e9 pr\u00e9coce qui pousse 10 cm x 2 cm (4&#8243; x 3\/4&#8243;). Leur petite taille leur permet d&#8217;\u00eatre cultiv\u00e9s dans des conteneurs. Une humidit\u00e9 de sol constante est essentielle pour saveur accrue.<\/p>\n<p>55-60 jours \u00e0 la r\u00e9colte<\/p>\n<p>McKenzie<\/p>\n","protected":false},"excerpt":{"rendered":"<p>Voir disponibilit\u00e9 en magasin Le nec plus ultra des mini carottes. Une vari\u00e9t\u00e9 mi-longue avec des racines orange vif qui sont croquantes avec un noyau tendre. Une vari\u00e9t\u00e9 pr\u00e9coce qui pousse 10 cm x 2 cm (4&#8243; x 3\/4&#8243;). Leur petite taille leur permet d&#8217;\u00eatre cultiv\u00e9s dans des conteneurs. Une humidit\u00e9 de sol constante est [&hellip;]<\/p>\n","protected":false},"featured_media":7017,"comment_status":"closed","ping_status":"open","template":"","meta":{"_acf_changed":false,"_seopress_robots_primary_cat":"","_seopress_titles_title":"","_seopress_titles_desc":"","_seopress_robots_index":"","_seopress_analysis_target_kw":""},"product_brand":[],"product_cat":[31,39],"product_tag":[],"class_list":{"0":"post-7016","1":"product","2":"type-product","3":"status-publish","4":"has-post-thumbnail","6":"product_cat-amenagement-jardin","7":"product_cat-semence-potagere","9":"first","10":"instock","11":"taxable","12":"shipping-taxable","13":"purchasable","14":"product-type-simple"},"acf":[],"_links":{"self":[{"href":"https:\/\/www.paysagesrossignol.com\/en\/wp-json\/wp\/v2\/product\/7016","targetHints":{"allow":["GET"]}}],"collection":[{"href":"https:\/\/www.paysagesrossignol.com\/en\/wp-json\/wp\/v2\/product"}],"about":[{"href":"https:\/\/www.paysagesrossignol.com\/en\/wp-json\/wp\/v2\/types\/product"}],"replies":[{"embeddable":true,"href":"https:\/\/www.paysagesrossignol.com\/en\/wp-json\/wp\/v2\/comments?post=7016"}],"wp:featuredmedia":[{"embeddable":true,"href":"https:\/\/www.paysagesrossignol.com\/en\/wp-json\/wp\/v2\/media\/7017"}],"wp:attachment":[{"href":"https:\/\/www.paysagesrossignol.com\/en\/wp-json\/wp\/v2\/media?parent=7016"}],"wp:term":[{"taxonomy":"product_brand","embeddable":true,"href":"https:\/\/www.paysagesrossignol.com\/en\/wp-json\/wp\/v2\/product_brand?post=7016"},{"taxonomy":"product_cat","embeddable":true,"href":"https:\/\/www.paysagesrossignol.com\/en\/wp-json\/wp\/v2\/product_cat?post=7016"},{"taxonomy":"product_tag","embeddable":true,"href":"https:\/\/www.paysagesrossignol.com\/en\/wp-json\/wp\/v2\/product_tag?post=7016"}],"curies":[{"name":"wp","href":"https:\/\/api.w.org\/{rel}","templated":true}]}}