{"id":7025,"date":"2026-03-10T04:00:04","date_gmt":"2026-03-10T08:00:04","guid":{"rendered":"https:\/\/www.paysagesrossignol.com\/product\/zucchini-gold-rush\/"},"modified":"2026-05-04T10:33:30","modified_gmt":"2026-05-04T14:33:30","slug":"zucchini-gold-rush","status":"publish","type":"product","link":"https:\/\/www.paysagesrossignol.com\/en\/product\/zucchini-gold-rush\/","title":{"rendered":"Zucchini Gold Rush"},"content":{"rendered":"<h1>Voir disponibilit\u00e9 en magasin<\/h1>\n<p>La chair de ce fruit dor\u00e9 long et lisse dont la longueur atteint 18 \u00e0 20 cm (7 \u00e0 8&#8243;) est merveilleusement tendre, d&#8217;un blanc cr\u00e8me. Tr\u00e8s abondantes et d\u00e9licieuses, ces courgettes que vous pouvez cuisiner au four ou en friture constituent \u00e9galement un compl\u00e9ment succulent dans les salades et les pains. Pour obtenir la meilleure production possible, r\u00e9coltez les jeunes.<\/p>\n<p>49 jours \u00e0 la r\u00e9colte<\/p>\n<p>McKenzie<\/p>\n","protected":false},"excerpt":{"rendered":"<p>Voir disponibilit\u00e9 en magasin La chair de ce fruit dor\u00e9 long et lisse dont la longueur atteint 18 \u00e0 20 cm (7 \u00e0 8&#8243;) est merveilleusement tendre, d&#8217;un blanc cr\u00e8me. Tr\u00e8s abondantes et d\u00e9licieuses, ces courgettes que vous pouvez cuisiner au four ou en friture constituent \u00e9galement un compl\u00e9ment succulent dans les salades et les [&hellip;]<\/p>\n","protected":false},"featured_media":7026,"comment_status":"closed","ping_status":"open","template":"","meta":{"_acf_changed":false,"_seopress_robots_primary_cat":"","_seopress_titles_title":"","_seopress_titles_desc":"","_seopress_robots_index":"","_seopress_analysis_target_kw":""},"product_brand":[],"product_cat":[31,39],"product_tag":[],"class_list":{"0":"post-7025","1":"product","2":"type-product","3":"status-publish","4":"has-post-thumbnail","6":"product_cat-amenagement-jardin","7":"product_cat-semence-potagere","9":"first","10":"instock","11":"taxable","12":"shipping-taxable","13":"purchasable","14":"product-type-simple"},"acf":[],"_links":{"self":[{"href":"https:\/\/www.paysagesrossignol.com\/en\/wp-json\/wp\/v2\/product\/7025","targetHints":{"allow":["GET"]}}],"collection":[{"href":"https:\/\/www.paysagesrossignol.com\/en\/wp-json\/wp\/v2\/product"}],"about":[{"href":"https:\/\/www.paysagesrossignol.com\/en\/wp-json\/wp\/v2\/types\/product"}],"replies":[{"embeddable":true,"href":"https:\/\/www.paysagesrossignol.com\/en\/wp-json\/wp\/v2\/comments?post=7025"}],"wp:featuredmedia":[{"embeddable":true,"href":"https:\/\/www.paysagesrossignol.com\/en\/wp-json\/wp\/v2\/media\/7026"}],"wp:attachment":[{"href":"https:\/\/www.paysagesrossignol.com\/en\/wp-json\/wp\/v2\/media?parent=7025"}],"wp:term":[{"taxonomy":"product_brand","embeddable":true,"href":"https:\/\/www.paysagesrossignol.com\/en\/wp-json\/wp\/v2\/product_brand?post=7025"},{"taxonomy":"product_cat","embeddable":true,"href":"https:\/\/www.paysagesrossignol.com\/en\/wp-json\/wp\/v2\/product_cat?post=7025"},{"taxonomy":"product_tag","embeddable":true,"href":"https:\/\/www.paysagesrossignol.com\/en\/wp-json\/wp\/v2\/product_tag?post=7025"}],"curies":[{"name":"wp","href":"https:\/\/api.w.org\/{rel}","templated":true}]}}