{"id":7028,"date":"2026-03-10T04:00:04","date_gmt":"2026-03-10T08:00:04","guid":{"rendered":"https:\/\/www.paysagesrossignol.com\/product\/concombre-beit-alpha-burpless-type-libanais\/"},"modified":"2026-05-04T10:33:34","modified_gmt":"2026-05-04T14:33:34","slug":"concombre-beit-alpha-burpless-type-libanais","status":"publish","type":"product","link":"https:\/\/www.paysagesrossignol.com\/en\/product\/concombre-beit-alpha-burpless-type-libanais\/","title":{"rendered":"Concombre Beit Alpha Burpless (Type Libanais)"},"content":{"rendered":"<h1>Voir disponibilit\u00e9 en magasin<\/h1>\n<p>Un hybride F1 excellent au go\u00fbt, originaire du Moyen-Orient. Les plants donnent des fruits de 15 cm (6&#8243;) de longueur, \u00e0 la pelure lisse et verte moyen. Excellent en tranches, il offre une r\u00e9colte imposante. Il r\u00e9siste au mildiou et \u00e0 la maladie du mosa\u00efque du concombre. Compagnonnage: les haricots, pois, tomates, choux et laitues.<\/p>\n<p>55 jours \u00e0 la r\u00e9colte<\/p>\n<p>McKenzie<\/p>\n","protected":false},"excerpt":{"rendered":"<p>Voir disponibilit\u00e9 en magasin Un hybride F1 excellent au go\u00fbt, originaire du Moyen-Orient. Les plants donnent des fruits de 15 cm (6&#8243;) de longueur, \u00e0 la pelure lisse et verte moyen. Excellent en tranches, il offre une r\u00e9colte imposante. Il r\u00e9siste au mildiou et \u00e0 la maladie du mosa\u00efque du concombre. Compagnonnage: les haricots, pois, [&hellip;]<\/p>\n","protected":false},"featured_media":7029,"comment_status":"closed","ping_status":"open","template":"","meta":{"_acf_changed":false,"_seopress_robots_primary_cat":"","_seopress_titles_title":"","_seopress_titles_desc":"","_seopress_robots_index":"","_seopress_analysis_target_kw":""},"product_brand":[],"product_cat":[31,39],"product_tag":[],"class_list":{"0":"post-7028","1":"product","2":"type-product","3":"status-publish","4":"has-post-thumbnail","6":"product_cat-amenagement-jardin","7":"product_cat-semence-potagere","9":"first","10":"instock","11":"taxable","12":"shipping-taxable","13":"purchasable","14":"product-type-simple"},"acf":[],"_links":{"self":[{"href":"https:\/\/www.paysagesrossignol.com\/en\/wp-json\/wp\/v2\/product\/7028","targetHints":{"allow":["GET"]}}],"collection":[{"href":"https:\/\/www.paysagesrossignol.com\/en\/wp-json\/wp\/v2\/product"}],"about":[{"href":"https:\/\/www.paysagesrossignol.com\/en\/wp-json\/wp\/v2\/types\/product"}],"replies":[{"embeddable":true,"href":"https:\/\/www.paysagesrossignol.com\/en\/wp-json\/wp\/v2\/comments?post=7028"}],"wp:featuredmedia":[{"embeddable":true,"href":"https:\/\/www.paysagesrossignol.com\/en\/wp-json\/wp\/v2\/media\/7029"}],"wp:attachment":[{"href":"https:\/\/www.paysagesrossignol.com\/en\/wp-json\/wp\/v2\/media?parent=7028"}],"wp:term":[{"taxonomy":"product_brand","embeddable":true,"href":"https:\/\/www.paysagesrossignol.com\/en\/wp-json\/wp\/v2\/product_brand?post=7028"},{"taxonomy":"product_cat","embeddable":true,"href":"https:\/\/www.paysagesrossignol.com\/en\/wp-json\/wp\/v2\/product_cat?post=7028"},{"taxonomy":"product_tag","embeddable":true,"href":"https:\/\/www.paysagesrossignol.com\/en\/wp-json\/wp\/v2\/product_tag?post=7028"}],"curies":[{"name":"wp","href":"https:\/\/api.w.org\/{rel}","templated":true}]}}