{"id":7033,"date":"2026-03-10T04:00:04","date_gmt":"2026-03-10T08:00:04","guid":{"rendered":"https:\/\/www.paysagesrossignol.com\/product\/laitue-iceberg\/"},"modified":"2026-05-04T10:33:36","modified_gmt":"2026-05-04T14:33:36","slug":"laitue-iceberg","status":"publish","type":"product","link":"https:\/\/www.paysagesrossignol.com\/en\/product\/laitue-iceberg\/","title":{"rendered":"Laitue Iceberg"},"content":{"rendered":"<h1>Voir disponibilit\u00e9 en magasin<\/h1>\n<p>Une laitue &#8216;iceberg&#8217; tr\u00e8s populaire. Les feuilles ext\u00e9rieures vertes, frang\u00e9es et de grosseur moyenne entourent un coeur presque blanc. Cro\u00eet mieux par temps frais. Saveur d\u00e9licate et douce: un r\u00e9gal pour tous!<\/p>\n<p>75 jours \u00e0 la r\u00e9colte<\/p>\n<p>McKenzie<\/p>\n","protected":false},"excerpt":{"rendered":"<p>Voir disponibilit\u00e9 en magasin Une laitue &#8216;iceberg&#8217; tr\u00e8s populaire. Les feuilles ext\u00e9rieures vertes, frang\u00e9es et de grosseur moyenne entourent un coeur presque blanc. Cro\u00eet mieux par temps frais. Saveur d\u00e9licate et douce: un r\u00e9gal pour tous! 75 jours \u00e0 la r\u00e9colte McKenzie<\/p>\n","protected":false},"featured_media":7034,"comment_status":"closed","ping_status":"open","template":"","meta":{"_acf_changed":false,"_seopress_robots_primary_cat":"","_seopress_titles_title":"","_seopress_titles_desc":"","_seopress_robots_index":"","_seopress_analysis_target_kw":""},"product_brand":[],"product_cat":[31,39],"product_tag":[],"class_list":{"0":"post-7033","1":"product","2":"type-product","3":"status-publish","4":"has-post-thumbnail","6":"product_cat-amenagement-jardin","7":"product_cat-semence-potagere","9":"first","10":"instock","11":"taxable","12":"shipping-taxable","13":"purchasable","14":"product-type-simple"},"acf":[],"_links":{"self":[{"href":"https:\/\/www.paysagesrossignol.com\/en\/wp-json\/wp\/v2\/product\/7033","targetHints":{"allow":["GET"]}}],"collection":[{"href":"https:\/\/www.paysagesrossignol.com\/en\/wp-json\/wp\/v2\/product"}],"about":[{"href":"https:\/\/www.paysagesrossignol.com\/en\/wp-json\/wp\/v2\/types\/product"}],"replies":[{"embeddable":true,"href":"https:\/\/www.paysagesrossignol.com\/en\/wp-json\/wp\/v2\/comments?post=7033"}],"wp:featuredmedia":[{"embeddable":true,"href":"https:\/\/www.paysagesrossignol.com\/en\/wp-json\/wp\/v2\/media\/7034"}],"wp:attachment":[{"href":"https:\/\/www.paysagesrossignol.com\/en\/wp-json\/wp\/v2\/media?parent=7033"}],"wp:term":[{"taxonomy":"product_brand","embeddable":true,"href":"https:\/\/www.paysagesrossignol.com\/en\/wp-json\/wp\/v2\/product_brand?post=7033"},{"taxonomy":"product_cat","embeddable":true,"href":"https:\/\/www.paysagesrossignol.com\/en\/wp-json\/wp\/v2\/product_cat?post=7033"},{"taxonomy":"product_tag","embeddable":true,"href":"https:\/\/www.paysagesrossignol.com\/en\/wp-json\/wp\/v2\/product_tag?post=7033"}],"curies":[{"name":"wp","href":"https:\/\/api.w.org\/{rel}","templated":true}]}}