{"id":7038,"date":"2026-03-30T04:00:11","date_gmt":"2026-03-30T08:00:11","guid":{"rendered":"https:\/\/www.paysagesrossignol.com\/product\/terreau-contenant-veranda-56-l\/"},"modified":"2026-05-04T10:33:39","modified_gmt":"2026-05-04T14:33:39","slug":"terreau-contenant-veranda-56-l","status":"publish","type":"product","link":"https:\/\/www.paysagesrossignol.com\/en\/product\/terreau-contenant-veranda-56-l\/","title":{"rendered":"Terreau Contenant V\u00e9randa 56L"},"content":{"rendered":"<h1>Voir disponibilit\u00e9 en magasin<\/h1>\n<p>Le terreau contenant VERANDA est sp\u00e9cialement con\u00e7u pour la plantation des annuelles et vivaces en contenants ext\u00e9rieurs. Ce terreau \u00e0 base de tourbe de sphaigne est enrichi de fibre de noix de coco, de compost et d\u2019engrais \u00e0 lib\u00e9ration contr\u00f4l\u00e9e pour des r\u00e9sultats exceptionnels.<\/p>\n<p>CARACT\u00c9RISTIQUES<br \/>\nRetient l\u2019eau 40% plus longtemps* gr\u00e2ce \u00e0 la fibre de noix de coco<br \/>\nFloraison jusqu\u2019\u00e0 4X plus abondante*<br \/>\nPlants jusqu\u2019\u00e0 2X plus fournis* gr\u00e2ce au compost et \u00e0 l\u2019engrais<br \/>\nPr\u00e9serve la vigueur en p\u00e9riode de chaleur intense<br \/>\n*Compar\u00e9 \u00e0 une terre conventionnelle<\/p>\n<p>UTILISATIONS<br \/>\nTerreau sp\u00e9cialement con\u00e7u pour la plantation des annuelles et vivaces en contenants ext\u00e9rieurs<\/p>\n<p>Un sac de 30 litres permet de remplir environ:<br \/>\n4 paniers suspendus de 30 cm (12 po)<br \/>\nou<br \/>\n2 bo\u00eetes \u00e0 fleurs de 60 cm (24 po)<br \/>\nou<br \/>\n1 pot patio de 40 cm (16 po)<\/p>\n<p>Un sac de 56 litres (ballot de 112 litres compress\u00e9s) permet de remplir environ:<br \/>\n16 paniers suspendus de 30 cm (12 po)<br \/>\nou<br \/>\n10 bo\u00eetes \u00e0 fleurs de 60 cm (24 po)<br \/>\nou<br \/>\n3 pots patio de 40 cm (16 po)<br \/>\nUtilisations<br \/>\nContenant<br \/>\nFleurs<br \/>\nExt\u00e9rieur<\/p>\n","protected":false},"excerpt":{"rendered":"<p>Voir disponibilit\u00e9 en magasin Le terreau contenant VERANDA est sp\u00e9cialement con\u00e7u pour la plantation des annuelles et vivaces en contenants ext\u00e9rieurs. Ce terreau \u00e0 base de tourbe de sphaigne est enrichi de fibre de noix de coco, de compost et d\u2019engrais \u00e0 lib\u00e9ration contr\u00f4l\u00e9e pour des r\u00e9sultats exceptionnels. CARACT\u00c9RISTIQUES Retient l\u2019eau 40% plus longtemps* gr\u00e2ce [&hellip;]<\/p>\n","protected":false},"featured_media":7039,"comment_status":"closed","ping_status":"open","template":"","meta":{"_acf_changed":false,"_seopress_robots_primary_cat":"","_seopress_titles_title":"","_seopress_titles_desc":"","_seopress_robots_index":"","_seopress_analysis_target_kw":""},"product_brand":[],"product_cat":[31,32],"product_tag":[],"class_list":{"0":"post-7038","1":"product","2":"type-product","3":"status-publish","4":"has-post-thumbnail","6":"product_cat-amenagement-jardin","7":"product_cat-paillis-et-terreau-en-sac","9":"first","10":"instock","11":"taxable","12":"shipping-taxable","13":"purchasable","14":"product-type-simple"},"acf":[],"_links":{"self":[{"href":"https:\/\/www.paysagesrossignol.com\/en\/wp-json\/wp\/v2\/product\/7038","targetHints":{"allow":["GET"]}}],"collection":[{"href":"https:\/\/www.paysagesrossignol.com\/en\/wp-json\/wp\/v2\/product"}],"about":[{"href":"https:\/\/www.paysagesrossignol.com\/en\/wp-json\/wp\/v2\/types\/product"}],"replies":[{"embeddable":true,"href":"https:\/\/www.paysagesrossignol.com\/en\/wp-json\/wp\/v2\/comments?post=7038"}],"wp:featuredmedia":[{"embeddable":true,"href":"https:\/\/www.paysagesrossignol.com\/en\/wp-json\/wp\/v2\/media\/7039"}],"wp:attachment":[{"href":"https:\/\/www.paysagesrossignol.com\/en\/wp-json\/wp\/v2\/media?parent=7038"}],"wp:term":[{"taxonomy":"product_brand","embeddable":true,"href":"https:\/\/www.paysagesrossignol.com\/en\/wp-json\/wp\/v2\/product_brand?post=7038"},{"taxonomy":"product_cat","embeddable":true,"href":"https:\/\/www.paysagesrossignol.com\/en\/wp-json\/wp\/v2\/product_cat?post=7038"},{"taxonomy":"product_tag","embeddable":true,"href":"https:\/\/www.paysagesrossignol.com\/en\/wp-json\/wp\/v2\/product_tag?post=7038"}],"curies":[{"name":"wp","href":"https:\/\/api.w.org\/{rel}","templated":true}]}}