{"id":7196,"date":"2026-03-10T04:00:16","date_gmt":"2026-03-10T08:00:16","guid":{"rendered":"https:\/\/www.paysagesrossignol.com\/product\/melon-kiwano\/"},"modified":"2026-05-04T10:36:42","modified_gmt":"2026-05-04T14:36:42","slug":"melon-kiwano","status":"publish","type":"product","link":"https:\/\/www.paysagesrossignol.com\/en\/product\/melon-kiwano\/","title":{"rendered":"Melon Kiwano &#8211; Bio"},"content":{"rendered":"<h1>Voir disponibilit\u00e9 en magasin<\/h1>\n<p>C\u2019est quoi dans ton jardin? Un concombre cornu africain! Fruits verts virant au jaune \u00e0 maturit\u00e9. Mangez la chair vert-lime au go\u00fbt de raisin\/banane\/concombre.<\/p>\n<p>25 semences<\/p>\n<p>Tourne-Sol<\/p>\n","protected":false},"excerpt":{"rendered":"<p>Voir disponibilit\u00e9 en magasin C\u2019est quoi dans ton jardin? Un concombre cornu africain! Fruits verts virant au jaune \u00e0 maturit\u00e9. Mangez la chair vert-lime au go\u00fbt de raisin\/banane\/concombre. 25 semences Tourne-Sol<\/p>\n","protected":false},"featured_media":7197,"comment_status":"closed","ping_status":"open","template":"","meta":{"_acf_changed":false,"_seopress_robots_primary_cat":"","_seopress_titles_title":"","_seopress_titles_desc":"","_seopress_robots_index":"","_seopress_analysis_target_kw":""},"product_brand":[],"product_cat":[31,37],"product_tag":[],"class_list":{"0":"post-7196","1":"product","2":"type-product","3":"status-publish","4":"has-post-thumbnail","6":"product_cat-amenagement-jardin","7":"product_cat-semence-biologique","9":"first","10":"instock","11":"taxable","12":"shipping-taxable","13":"purchasable","14":"product-type-simple"},"acf":[],"_links":{"self":[{"href":"https:\/\/www.paysagesrossignol.com\/en\/wp-json\/wp\/v2\/product\/7196","targetHints":{"allow":["GET"]}}],"collection":[{"href":"https:\/\/www.paysagesrossignol.com\/en\/wp-json\/wp\/v2\/product"}],"about":[{"href":"https:\/\/www.paysagesrossignol.com\/en\/wp-json\/wp\/v2\/types\/product"}],"replies":[{"embeddable":true,"href":"https:\/\/www.paysagesrossignol.com\/en\/wp-json\/wp\/v2\/comments?post=7196"}],"wp:featuredmedia":[{"embeddable":true,"href":"https:\/\/www.paysagesrossignol.com\/en\/wp-json\/wp\/v2\/media\/7197"}],"wp:attachment":[{"href":"https:\/\/www.paysagesrossignol.com\/en\/wp-json\/wp\/v2\/media?parent=7196"}],"wp:term":[{"taxonomy":"product_brand","embeddable":true,"href":"https:\/\/www.paysagesrossignol.com\/en\/wp-json\/wp\/v2\/product_brand?post=7196"},{"taxonomy":"product_cat","embeddable":true,"href":"https:\/\/www.paysagesrossignol.com\/en\/wp-json\/wp\/v2\/product_cat?post=7196"},{"taxonomy":"product_tag","embeddable":true,"href":"https:\/\/www.paysagesrossignol.com\/en\/wp-json\/wp\/v2\/product_tag?post=7196"}],"curies":[{"name":"wp","href":"https:\/\/api.w.org\/{rel}","templated":true}]}}