{"id":7994,"date":"2026-03-10T04:00:15","date_gmt":"2026-03-10T08:00:15","guid":{"rendered":"https:\/\/www.paysagesrossignol.com\/product\/radis-french-breakfast-ruban\/"},"modified":"2026-05-04T10:49:04","modified_gmt":"2026-05-04T14:49:04","slug":"radis-french-breakfast-ruban","status":"publish","type":"product","link":"https:\/\/www.paysagesrossignol.com\/en\/product\/radis-french-breakfast-ruban\/","title":{"rendered":"Radis French Breakfast Ruban"},"content":{"rendered":"<h1>Voir disponibilit\u00e9 en magasin<\/h1>\n<p>Un v\u00e9ritable r\u00e9gal de gourmet! Grand radis de forme allong\u00e9e. Attrayant de par sa couleur \u00e9carlate et sont extr\u00e9mit\u00e9 blanche. Croquant et juteux avec une saveur douce et sucr\u00e9e. L\u00e9gume de temp\u00e9rature fra\u00eeche. Faites plusieurs semis \u00e0 10 jours d&#8217;intervalle, arr\u00eatant lorsque la temp\u00e9rature se r\u00e9chauffe.<\/p>\n<p>20-25 jours \u00e0 la r\u00e9colte<\/p>\n<p>McKenzie<\/p>\n","protected":false},"excerpt":{"rendered":"<p>Voir disponibilit\u00e9 en magasin Un v\u00e9ritable r\u00e9gal de gourmet! Grand radis de forme allong\u00e9e. Attrayant de par sa couleur \u00e9carlate et sont extr\u00e9mit\u00e9 blanche. Croquant et juteux avec une saveur douce et sucr\u00e9e. L\u00e9gume de temp\u00e9rature fra\u00eeche. Faites plusieurs semis \u00e0 10 jours d&#8217;intervalle, arr\u00eatant lorsque la temp\u00e9rature se r\u00e9chauffe. 20-25 jours \u00e0 la r\u00e9colte [&hellip;]<\/p>\n","protected":false},"featured_media":7995,"comment_status":"closed","ping_status":"open","template":"","meta":{"_acf_changed":false,"_seopress_robots_primary_cat":"","_seopress_titles_title":"","_seopress_titles_desc":"","_seopress_robots_index":"","_seopress_analysis_target_kw":""},"product_brand":[],"product_cat":[31,39],"product_tag":[],"class_list":{"0":"post-7994","1":"product","2":"type-product","3":"status-publish","4":"has-post-thumbnail","6":"product_cat-amenagement-jardin","7":"product_cat-semence-potagere","9":"first","10":"instock","11":"taxable","12":"shipping-taxable","13":"purchasable","14":"product-type-simple"},"acf":[],"_links":{"self":[{"href":"https:\/\/www.paysagesrossignol.com\/en\/wp-json\/wp\/v2\/product\/7994","targetHints":{"allow":["GET"]}}],"collection":[{"href":"https:\/\/www.paysagesrossignol.com\/en\/wp-json\/wp\/v2\/product"}],"about":[{"href":"https:\/\/www.paysagesrossignol.com\/en\/wp-json\/wp\/v2\/types\/product"}],"replies":[{"embeddable":true,"href":"https:\/\/www.paysagesrossignol.com\/en\/wp-json\/wp\/v2\/comments?post=7994"}],"wp:featuredmedia":[{"embeddable":true,"href":"https:\/\/www.paysagesrossignol.com\/en\/wp-json\/wp\/v2\/media\/7995"}],"wp:attachment":[{"href":"https:\/\/www.paysagesrossignol.com\/en\/wp-json\/wp\/v2\/media?parent=7994"}],"wp:term":[{"taxonomy":"product_brand","embeddable":true,"href":"https:\/\/www.paysagesrossignol.com\/en\/wp-json\/wp\/v2\/product_brand?post=7994"},{"taxonomy":"product_cat","embeddable":true,"href":"https:\/\/www.paysagesrossignol.com\/en\/wp-json\/wp\/v2\/product_cat?post=7994"},{"taxonomy":"product_tag","embeddable":true,"href":"https:\/\/www.paysagesrossignol.com\/en\/wp-json\/wp\/v2\/product_tag?post=7994"}],"curies":[{"name":"wp","href":"https:\/\/api.w.org\/{rel}","templated":true}]}}