{"id":8000,"date":"2026-03-10T04:00:15","date_gmt":"2026-03-10T08:00:15","guid":{"rendered":"https:\/\/www.paysagesrossignol.com\/product\/haricot-blue-lake-rames\/"},"modified":"2026-05-04T10:49:12","modified_gmt":"2026-05-04T14:49:12","slug":"haricot-blue-lake-rames","status":"publish","type":"product","link":"https:\/\/www.paysagesrossignol.com\/en\/product\/haricot-blue-lake-rames\/","title":{"rendered":"Haricot Blue Lake (Rames)"},"content":{"rendered":"<h1>Voir disponibilit\u00e9 en magasin<\/h1>\n<p>Cette vari\u00e9t\u00e9 d&#8217;haricot sans fils atteint sa maturit\u00e9 de bonne heure. Les cosses de 15 cm (6&#8243;) sont droites, tendres et bien en chair. Les petites graines aident les cosses \u00e0 demeurer rondes et lisses. \u00c9vitez de toucher aux plants lorsque leur feuillage est mouill\u00e9 ou humide.<\/p>\n<p>60-70 jours \u00e0 la r\u00e9colte<\/p>\n<p>McKenzie<\/p>\n","protected":false},"excerpt":{"rendered":"<p>Voir disponibilit\u00e9 en magasin Cette vari\u00e9t\u00e9 d&#8217;haricot sans fils atteint sa maturit\u00e9 de bonne heure. Les cosses de 15 cm (6&#8243;) sont droites, tendres et bien en chair. Les petites graines aident les cosses \u00e0 demeurer rondes et lisses. \u00c9vitez de toucher aux plants lorsque leur feuillage est mouill\u00e9 ou humide. 60-70 jours \u00e0 la [&hellip;]<\/p>\n","protected":false},"featured_media":8001,"comment_status":"closed","ping_status":"open","template":"","meta":{"_acf_changed":false,"_seopress_robots_primary_cat":"","_seopress_titles_title":"","_seopress_titles_desc":"","_seopress_robots_index":"","_seopress_analysis_target_kw":""},"product_brand":[],"product_cat":[31,39],"product_tag":[],"class_list":{"0":"post-8000","1":"product","2":"type-product","3":"status-publish","4":"has-post-thumbnail","6":"product_cat-amenagement-jardin","7":"product_cat-semence-potagere","9":"first","10":"instock","11":"taxable","12":"shipping-taxable","13":"purchasable","14":"product-type-simple"},"acf":[],"_links":{"self":[{"href":"https:\/\/www.paysagesrossignol.com\/en\/wp-json\/wp\/v2\/product\/8000","targetHints":{"allow":["GET"]}}],"collection":[{"href":"https:\/\/www.paysagesrossignol.com\/en\/wp-json\/wp\/v2\/product"}],"about":[{"href":"https:\/\/www.paysagesrossignol.com\/en\/wp-json\/wp\/v2\/types\/product"}],"replies":[{"embeddable":true,"href":"https:\/\/www.paysagesrossignol.com\/en\/wp-json\/wp\/v2\/comments?post=8000"}],"wp:featuredmedia":[{"embeddable":true,"href":"https:\/\/www.paysagesrossignol.com\/en\/wp-json\/wp\/v2\/media\/8001"}],"wp:attachment":[{"href":"https:\/\/www.paysagesrossignol.com\/en\/wp-json\/wp\/v2\/media?parent=8000"}],"wp:term":[{"taxonomy":"product_brand","embeddable":true,"href":"https:\/\/www.paysagesrossignol.com\/en\/wp-json\/wp\/v2\/product_brand?post=8000"},{"taxonomy":"product_cat","embeddable":true,"href":"https:\/\/www.paysagesrossignol.com\/en\/wp-json\/wp\/v2\/product_cat?post=8000"},{"taxonomy":"product_tag","embeddable":true,"href":"https:\/\/www.paysagesrossignol.com\/en\/wp-json\/wp\/v2\/product_tag?post=8000"}],"curies":[{"name":"wp","href":"https:\/\/api.w.org\/{rel}","templated":true}]}}