{"id":8008,"date":"2026-03-10T04:00:15","date_gmt":"2026-03-10T08:00:15","guid":{"rendered":"https:\/\/www.paysagesrossignol.com\/product\/rose-dinde-crackerjack-jumbo\/"},"modified":"2026-05-04T10:49:53","modified_gmt":"2026-05-04T14:49:53","slug":"rose-dinde-crackerjack-jumbo","status":"publish","type":"product","link":"https:\/\/www.paysagesrossignol.com\/en\/product\/rose-dinde-crackerjack-jumbo\/","title":{"rendered":"Rose d&#8217;Inde Crackerjack Valeur Accrue"},"content":{"rendered":"<h1>Voir disponibilit\u00e9 en magasin<\/h1>\n<p>Ces grosses fleurs doubles dans les tons de jaune, dor\u00e9 et orange vif, port\u00e9es bien au-dessus du feuillage, sont typiques de l&#8217;oeillet d&#8217;Inde. Pleinement doubles en forme de pompon elles mesurent 10-12,5 cm (4-5&#8243;) de diam\u00e8tre. Tol\u00e9rant \u00e0 la chaleur et aux intemp\u00e9ries. Facile \u00e0 cultiver. Annuelle. Tagetes erecta<\/p>\n<p>45-60 jours \u00e0 la floraison<\/p>\n<p>McKenzie<\/p>\n","protected":false},"excerpt":{"rendered":"<p>Voir disponibilit\u00e9 en magasin Ces grosses fleurs doubles dans les tons de jaune, dor\u00e9 et orange vif, port\u00e9es bien au-dessus du feuillage, sont typiques de l&#8217;oeillet d&#8217;Inde. Pleinement doubles en forme de pompon elles mesurent 10-12,5 cm (4-5&#8243;) de diam\u00e8tre. Tol\u00e9rant \u00e0 la chaleur et aux intemp\u00e9ries. Facile \u00e0 cultiver. Annuelle. Tagetes erecta 45-60 jours [&hellip;]<\/p>\n","protected":false},"featured_media":8009,"comment_status":"closed","ping_status":"open","template":"","meta":{"_acf_changed":false,"_seopress_robots_primary_cat":"","_seopress_titles_title":"","_seopress_titles_desc":"","_seopress_robots_index":"","_seopress_analysis_target_kw":""},"product_brand":[],"product_cat":[31,38],"product_tag":[],"class_list":{"0":"post-8008","1":"product","2":"type-product","3":"status-publish","4":"has-post-thumbnail","6":"product_cat-amenagement-jardin","7":"product_cat-semence-florale","9":"first","10":"instock","11":"taxable","12":"shipping-taxable","13":"purchasable","14":"product-type-simple"},"acf":[],"_links":{"self":[{"href":"https:\/\/www.paysagesrossignol.com\/en\/wp-json\/wp\/v2\/product\/8008","targetHints":{"allow":["GET"]}}],"collection":[{"href":"https:\/\/www.paysagesrossignol.com\/en\/wp-json\/wp\/v2\/product"}],"about":[{"href":"https:\/\/www.paysagesrossignol.com\/en\/wp-json\/wp\/v2\/types\/product"}],"replies":[{"embeddable":true,"href":"https:\/\/www.paysagesrossignol.com\/en\/wp-json\/wp\/v2\/comments?post=8008"}],"wp:featuredmedia":[{"embeddable":true,"href":"https:\/\/www.paysagesrossignol.com\/en\/wp-json\/wp\/v2\/media\/8009"}],"wp:attachment":[{"href":"https:\/\/www.paysagesrossignol.com\/en\/wp-json\/wp\/v2\/media?parent=8008"}],"wp:term":[{"taxonomy":"product_brand","embeddable":true,"href":"https:\/\/www.paysagesrossignol.com\/en\/wp-json\/wp\/v2\/product_brand?post=8008"},{"taxonomy":"product_cat","embeddable":true,"href":"https:\/\/www.paysagesrossignol.com\/en\/wp-json\/wp\/v2\/product_cat?post=8008"},{"taxonomy":"product_tag","embeddable":true,"href":"https:\/\/www.paysagesrossignol.com\/en\/wp-json\/wp\/v2\/product_tag?post=8008"}],"curies":[{"name":"wp","href":"https:\/\/api.w.org\/{rel}","templated":true}]}}