{"id":8149,"date":"2026-03-10T04:00:06","date_gmt":"2026-03-10T08:00:06","guid":{"rendered":"https:\/\/www.paysagesrossignol.com\/product\/haricot-despagne-2\/"},"modified":"2026-05-04T10:52:04","modified_gmt":"2026-05-04T14:52:04","slug":"haricot-despagne-2","status":"publish","type":"product","link":"https:\/\/www.paysagesrossignol.com\/en\/product\/haricot-despagne-2\/","title":{"rendered":"Haricot d&#8217;Espagne"},"content":{"rendered":"<h1>Voir disponibilit\u00e9 en magasin<\/h1>\n<p>Une superbe plante grimpante au feuillage abondant. Ses multiples fleurs \u00e9carlates attirent les oiseaux-mouches. On l&#8217;utilise pour recouvrir cl\u00f4tures, tonnelles et poteaux. La cueillette de ses jeunes haricots stimule sa floraison. Les haricots sont d\u00e9licieux et tendres lorsque r\u00e9colt\u00e9s jeunes. Phaseolus Coccineus<\/p>\n<p>50-80 jours \u00e0 la floraison<\/p>\n<p>McKenzie<\/p>\n<p>&nbsp;<\/p>\n","protected":false},"excerpt":{"rendered":"<p>Voir disponibilit\u00e9 en magasin Une superbe plante grimpante au feuillage abondant. Ses multiples fleurs \u00e9carlates attirent les oiseaux-mouches. On l&#8217;utilise pour recouvrir cl\u00f4tures, tonnelles et poteaux. La cueillette de ses jeunes haricots stimule sa floraison. Les haricots sont d\u00e9licieux et tendres lorsque r\u00e9colt\u00e9s jeunes. Phaseolus Coccineus 50-80 jours \u00e0 la floraison McKenzie &nbsp;<\/p>\n","protected":false},"featured_media":8150,"comment_status":"closed","ping_status":"open","template":"","meta":{"_acf_changed":false,"_seopress_robots_primary_cat":"","_seopress_titles_title":"","_seopress_titles_desc":"","_seopress_robots_index":"","_seopress_analysis_target_kw":""},"product_brand":[],"product_cat":[31,39],"product_tag":[],"class_list":{"0":"post-8149","1":"product","2":"type-product","3":"status-publish","4":"has-post-thumbnail","6":"product_cat-amenagement-jardin","7":"product_cat-semence-potagere","9":"first","10":"instock","11":"taxable","12":"shipping-taxable","13":"purchasable","14":"product-type-simple"},"acf":[],"_links":{"self":[{"href":"https:\/\/www.paysagesrossignol.com\/en\/wp-json\/wp\/v2\/product\/8149","targetHints":{"allow":["GET"]}}],"collection":[{"href":"https:\/\/www.paysagesrossignol.com\/en\/wp-json\/wp\/v2\/product"}],"about":[{"href":"https:\/\/www.paysagesrossignol.com\/en\/wp-json\/wp\/v2\/types\/product"}],"replies":[{"embeddable":true,"href":"https:\/\/www.paysagesrossignol.com\/en\/wp-json\/wp\/v2\/comments?post=8149"}],"wp:featuredmedia":[{"embeddable":true,"href":"https:\/\/www.paysagesrossignol.com\/en\/wp-json\/wp\/v2\/media\/8150"}],"wp:attachment":[{"href":"https:\/\/www.paysagesrossignol.com\/en\/wp-json\/wp\/v2\/media?parent=8149"}],"wp:term":[{"taxonomy":"product_brand","embeddable":true,"href":"https:\/\/www.paysagesrossignol.com\/en\/wp-json\/wp\/v2\/product_brand?post=8149"},{"taxonomy":"product_cat","embeddable":true,"href":"https:\/\/www.paysagesrossignol.com\/en\/wp-json\/wp\/v2\/product_cat?post=8149"},{"taxonomy":"product_tag","embeddable":true,"href":"https:\/\/www.paysagesrossignol.com\/en\/wp-json\/wp\/v2\/product_tag?post=8149"}],"curies":[{"name":"wp","href":"https:\/\/api.w.org\/{rel}","templated":true}]}}