{"id":8155,"date":"2026-03-10T04:00:18","date_gmt":"2026-03-10T08:00:18","guid":{"rendered":"https:\/\/www.paysagesrossignol.com\/product\/gloire-du-matin-heavenly-blue-mckenzie\/"},"modified":"2026-05-04T10:52:06","modified_gmt":"2026-05-04T14:52:06","slug":"gloire-du-matin-heavenly-blue-mckenzie","status":"publish","type":"product","link":"https:\/\/www.paysagesrossignol.com\/en\/product\/gloire-du-matin-heavenly-blue-mckenzie\/","title":{"rendered":"Gloire du Matin Heavenly Blue"},"content":{"rendered":"<h1>Voir disponibilit\u00e9 en magasin<\/h1>\n<p>Les tiges minces portent d&#8217;exquises fleurs qui atteignent jusqu&#8217;\u00e0 12,5 cm (5&#8243;) de diam\u00e8tre. Fleurit abondamment et sans arr\u00eat. Faites tremper les graines dans de l&#8217;eau \u00e0 temp\u00e9rature ambiante 12 \u00e0 24 heures avant le semis pour favoriser la germination. Id\u00e9ale pour les treillis, tonnelles, cl\u00f4tures et poteaux. Un sol fertilis\u00e9 ou riche donnera un feuillage luxuriant, mais emp\u00eachera la floraison. Annuelle. <strong>Avis: Les graines sont toxique si ing\u00e9r\u00e9.\u00a0<\/strong>Ipomoea Tricolor<\/p>\n<p>50-80 jours \u00e0 la floraison<\/p>\n<p>McKenzie<\/p>\n<p>&nbsp;<\/p>\n","protected":false},"excerpt":{"rendered":"<p>Voir disponibilit\u00e9 en magasin Les tiges minces portent d&#8217;exquises fleurs qui atteignent jusqu&#8217;\u00e0 12,5 cm (5&#8243;) de diam\u00e8tre. Fleurit abondamment et sans arr\u00eat. Faites tremper les graines dans de l&#8217;eau \u00e0 temp\u00e9rature ambiante 12 \u00e0 24 heures avant le semis pour favoriser la germination. Id\u00e9ale pour les treillis, tonnelles, cl\u00f4tures et poteaux. Un sol fertilis\u00e9 [&hellip;]<\/p>\n","protected":false},"featured_media":8156,"comment_status":"closed","ping_status":"open","template":"","meta":{"_acf_changed":false,"_seopress_robots_primary_cat":"","_seopress_titles_title":"","_seopress_titles_desc":"","_seopress_robots_index":"","_seopress_analysis_target_kw":""},"product_brand":[],"product_cat":[31,38],"product_tag":[],"class_list":{"0":"post-8155","1":"product","2":"type-product","3":"status-publish","4":"has-post-thumbnail","6":"product_cat-amenagement-jardin","7":"product_cat-semence-florale","9":"first","10":"instock","11":"taxable","12":"shipping-taxable","13":"purchasable","14":"product-type-simple"},"acf":[],"_links":{"self":[{"href":"https:\/\/www.paysagesrossignol.com\/en\/wp-json\/wp\/v2\/product\/8155","targetHints":{"allow":["GET"]}}],"collection":[{"href":"https:\/\/www.paysagesrossignol.com\/en\/wp-json\/wp\/v2\/product"}],"about":[{"href":"https:\/\/www.paysagesrossignol.com\/en\/wp-json\/wp\/v2\/types\/product"}],"replies":[{"embeddable":true,"href":"https:\/\/www.paysagesrossignol.com\/en\/wp-json\/wp\/v2\/comments?post=8155"}],"wp:featuredmedia":[{"embeddable":true,"href":"https:\/\/www.paysagesrossignol.com\/en\/wp-json\/wp\/v2\/media\/8156"}],"wp:attachment":[{"href":"https:\/\/www.paysagesrossignol.com\/en\/wp-json\/wp\/v2\/media?parent=8155"}],"wp:term":[{"taxonomy":"product_brand","embeddable":true,"href":"https:\/\/www.paysagesrossignol.com\/en\/wp-json\/wp\/v2\/product_brand?post=8155"},{"taxonomy":"product_cat","embeddable":true,"href":"https:\/\/www.paysagesrossignol.com\/en\/wp-json\/wp\/v2\/product_cat?post=8155"},{"taxonomy":"product_tag","embeddable":true,"href":"https:\/\/www.paysagesrossignol.com\/en\/wp-json\/wp\/v2\/product_tag?post=8155"}],"curies":[{"name":"wp","href":"https:\/\/api.w.org\/{rel}","templated":true}]}}