{"id":8160,"date":"2026-03-10T04:00:18","date_gmt":"2026-03-10T08:00:18","guid":{"rendered":"https:\/\/www.paysagesrossignol.com\/product\/pois-mange-tout-sugar-snap\/"},"modified":"2026-05-04T10:52:09","modified_gmt":"2026-05-04T14:52:09","slug":"pois-mange-tout-sugar-snap","status":"publish","type":"product","link":"https:\/\/www.paysagesrossignol.com\/en\/product\/pois-mange-tout-sugar-snap\/","title":{"rendered":"Pois Mange-Tout Sugar Snap"},"content":{"rendered":"<h1>Voir disponibilit\u00e9 en magasin<\/h1>\n<p>Un tr\u00e8s bon rendement un go\u00fbt d\u00e9licieusement sucr\u00e9 et une texture croustillante. Les tiges volubiles fourniront une abondance de cosses savoureuses de 8 cm (3&#8243;) qui sont enti\u00e8rement comestibles. Employez un filet ou un treillis comme tuteur. D\u00e9licieuses crues, cuites au wok, \u00e0 la vapeur ou en salade. Faites des semis successifs \u00e0 toutes les deux semaines jusqu&#8217;\u00e0 la mi-juin pour une saison de r\u00e9colte prolong\u00e9e. Hauteur de la plante: 2 m (6&#8243;)<\/p>\n<p>70-75 jours \u00e0 la r\u00e9colte<\/p>\n<p>McKenzie<\/p>\n<p>&nbsp;<\/p>\n","protected":false},"excerpt":{"rendered":"<p>Voir disponibilit\u00e9 en magasin Un tr\u00e8s bon rendement un go\u00fbt d\u00e9licieusement sucr\u00e9 et une texture croustillante. Les tiges volubiles fourniront une abondance de cosses savoureuses de 8 cm (3&#8243;) qui sont enti\u00e8rement comestibles. Employez un filet ou un treillis comme tuteur. D\u00e9licieuses crues, cuites au wok, \u00e0 la vapeur ou en salade. Faites des semis [&hellip;]<\/p>\n","protected":false},"featured_media":8161,"comment_status":"closed","ping_status":"open","template":"","meta":{"_acf_changed":false,"_seopress_robots_primary_cat":"","_seopress_titles_title":"","_seopress_titles_desc":"","_seopress_robots_index":"","_seopress_analysis_target_kw":""},"product_brand":[],"product_cat":[31,39],"product_tag":[],"class_list":{"0":"post-8160","1":"product","2":"type-product","3":"status-publish","4":"has-post-thumbnail","6":"product_cat-amenagement-jardin","7":"product_cat-semence-potagere","9":"first","10":"instock","11":"taxable","12":"shipping-taxable","13":"purchasable","14":"product-type-simple"},"acf":[],"_links":{"self":[{"href":"https:\/\/www.paysagesrossignol.com\/en\/wp-json\/wp\/v2\/product\/8160","targetHints":{"allow":["GET"]}}],"collection":[{"href":"https:\/\/www.paysagesrossignol.com\/en\/wp-json\/wp\/v2\/product"}],"about":[{"href":"https:\/\/www.paysagesrossignol.com\/en\/wp-json\/wp\/v2\/types\/product"}],"replies":[{"embeddable":true,"href":"https:\/\/www.paysagesrossignol.com\/en\/wp-json\/wp\/v2\/comments?post=8160"}],"wp:featuredmedia":[{"embeddable":true,"href":"https:\/\/www.paysagesrossignol.com\/en\/wp-json\/wp\/v2\/media\/8161"}],"wp:attachment":[{"href":"https:\/\/www.paysagesrossignol.com\/en\/wp-json\/wp\/v2\/media?parent=8160"}],"wp:term":[{"taxonomy":"product_brand","embeddable":true,"href":"https:\/\/www.paysagesrossignol.com\/en\/wp-json\/wp\/v2\/product_brand?post=8160"},{"taxonomy":"product_cat","embeddable":true,"href":"https:\/\/www.paysagesrossignol.com\/en\/wp-json\/wp\/v2\/product_cat?post=8160"},{"taxonomy":"product_tag","embeddable":true,"href":"https:\/\/www.paysagesrossignol.com\/en\/wp-json\/wp\/v2\/product_tag?post=8160"}],"curies":[{"name":"wp","href":"https:\/\/api.w.org\/{rel}","templated":true}]}}