{"id":8194,"date":"2026-03-10T04:00:40","date_gmt":"2026-03-10T08:00:40","guid":{"rendered":"https:\/\/www.paysagesrossignol.com\/product\/tomate-sub-arctic-plenty\/"},"modified":"2026-05-04T10:52:31","modified_gmt":"2026-05-04T14:52:31","slug":"tomate-sub-arctic-plenty","status":"publish","type":"product","link":"https:\/\/www.paysagesrossignol.com\/en\/product\/tomate-sub-arctic-plenty\/","title":{"rendered":"Tomate Sub Arctic Plenty"},"content":{"rendered":"<h1>Voir disponibilit\u00e9 en magasin<\/h1>\n<p>D\u00e9velopp\u00e9 en Alberta, cette tomate h\u00e2tive fructifie m\u00eame quand les nuits sont froides. Port dress\u00e9. Nombreux fruits rouge vif de 56-70 g (2-2,5 oz). D\u00e9termin\u00e9e &#8211; aucun tuteur n\u00e9cessaire. *apr\u00e8s la transplantation au jardin<\/p>\n<p>*40-59 jours \u00e0 la r\u00e9colte<\/p>\n<p>McKenzie<\/p>\n","protected":false},"excerpt":{"rendered":"<p>Voir disponibilit\u00e9 en magasin D\u00e9velopp\u00e9 en Alberta, cette tomate h\u00e2tive fructifie m\u00eame quand les nuits sont froides. Port dress\u00e9. Nombreux fruits rouge vif de 56-70 g (2-2,5 oz). D\u00e9termin\u00e9e &#8211; aucun tuteur n\u00e9cessaire. *apr\u00e8s la transplantation au jardin *40-59 jours \u00e0 la r\u00e9colte McKenzie<\/p>\n","protected":false},"featured_media":8195,"comment_status":"closed","ping_status":"open","template":"","meta":{"_acf_changed":false,"_seopress_robots_primary_cat":"","_seopress_titles_title":"","_seopress_titles_desc":"","_seopress_robots_index":"","_seopress_analysis_target_kw":""},"product_brand":[],"product_cat":[31,39],"product_tag":[],"class_list":{"0":"post-8194","1":"product","2":"type-product","3":"status-publish","4":"has-post-thumbnail","6":"product_cat-amenagement-jardin","7":"product_cat-semence-potagere","9":"first","10":"instock","11":"taxable","12":"shipping-taxable","13":"purchasable","14":"product-type-simple"},"acf":[],"_links":{"self":[{"href":"https:\/\/www.paysagesrossignol.com\/en\/wp-json\/wp\/v2\/product\/8194","targetHints":{"allow":["GET"]}}],"collection":[{"href":"https:\/\/www.paysagesrossignol.com\/en\/wp-json\/wp\/v2\/product"}],"about":[{"href":"https:\/\/www.paysagesrossignol.com\/en\/wp-json\/wp\/v2\/types\/product"}],"replies":[{"embeddable":true,"href":"https:\/\/www.paysagesrossignol.com\/en\/wp-json\/wp\/v2\/comments?post=8194"}],"wp:featuredmedia":[{"embeddable":true,"href":"https:\/\/www.paysagesrossignol.com\/en\/wp-json\/wp\/v2\/media\/8195"}],"wp:attachment":[{"href":"https:\/\/www.paysagesrossignol.com\/en\/wp-json\/wp\/v2\/media?parent=8194"}],"wp:term":[{"taxonomy":"product_brand","embeddable":true,"href":"https:\/\/www.paysagesrossignol.com\/en\/wp-json\/wp\/v2\/product_brand?post=8194"},{"taxonomy":"product_cat","embeddable":true,"href":"https:\/\/www.paysagesrossignol.com\/en\/wp-json\/wp\/v2\/product_cat?post=8194"},{"taxonomy":"product_tag","embeddable":true,"href":"https:\/\/www.paysagesrossignol.com\/en\/wp-json\/wp\/v2\/product_tag?post=8194"}],"curies":[{"name":"wp","href":"https:\/\/api.w.org\/{rel}","templated":true}]}}