{"id":8198,"date":"2026-03-10T04:00:40","date_gmt":"2026-03-10T08:00:40","guid":{"rendered":"https:\/\/www.paysagesrossignol.com\/product\/zucchini-elite-hybride\/"},"modified":"2026-05-04T10:52:32","modified_gmt":"2026-05-04T14:52:32","slug":"zucchini-elite-hybride","status":"publish","type":"product","link":"https:\/\/www.paysagesrossignol.com\/en\/product\/zucchini-elite-hybride\/","title":{"rendered":"Zucchini \u00c9lite Hybride"},"content":{"rendered":"<p>Facile \u00e0 cultiver, d\u2019une qualit\u00e9 exceptionnelle, r\u00e9colte h\u00e2tive et tr\u00e8s productive<\/p>\n<p>55 jours<\/p>\n<p>McKenzie<\/p>\n<p>&nbsp;<\/p>\n<p>&nbsp;<\/p>\n","protected":false},"excerpt":{"rendered":"<p>Facile \u00e0 cultiver, d\u2019une qualit\u00e9 exceptionnelle, r\u00e9colte h\u00e2tive et tr\u00e8s productive 55 jours McKenzie &nbsp; &nbsp;<\/p>\n","protected":false},"featured_media":8199,"comment_status":"closed","ping_status":"open","template":"","meta":{"_acf_changed":false,"_seopress_robots_primary_cat":"","_seopress_titles_title":"","_seopress_titles_desc":"","_seopress_robots_index":"","_seopress_analysis_target_kw":""},"product_brand":[],"product_cat":[31,39],"product_tag":[],"class_list":{"0":"post-8198","1":"product","2":"type-product","3":"status-publish","4":"has-post-thumbnail","6":"product_cat-amenagement-jardin","7":"product_cat-semence-potagere","9":"first","10":"instock","11":"taxable","12":"shipping-taxable","13":"purchasable","14":"product-type-simple"},"acf":[],"_links":{"self":[{"href":"https:\/\/www.paysagesrossignol.com\/en\/wp-json\/wp\/v2\/product\/8198","targetHints":{"allow":["GET"]}}],"collection":[{"href":"https:\/\/www.paysagesrossignol.com\/en\/wp-json\/wp\/v2\/product"}],"about":[{"href":"https:\/\/www.paysagesrossignol.com\/en\/wp-json\/wp\/v2\/types\/product"}],"replies":[{"embeddable":true,"href":"https:\/\/www.paysagesrossignol.com\/en\/wp-json\/wp\/v2\/comments?post=8198"}],"wp:featuredmedia":[{"embeddable":true,"href":"https:\/\/www.paysagesrossignol.com\/en\/wp-json\/wp\/v2\/media\/8199"}],"wp:attachment":[{"href":"https:\/\/www.paysagesrossignol.com\/en\/wp-json\/wp\/v2\/media?parent=8198"}],"wp:term":[{"taxonomy":"product_brand","embeddable":true,"href":"https:\/\/www.paysagesrossignol.com\/en\/wp-json\/wp\/v2\/product_brand?post=8198"},{"taxonomy":"product_cat","embeddable":true,"href":"https:\/\/www.paysagesrossignol.com\/en\/wp-json\/wp\/v2\/product_cat?post=8198"},{"taxonomy":"product_tag","embeddable":true,"href":"https:\/\/www.paysagesrossignol.com\/en\/wp-json\/wp\/v2\/product_tag?post=8198"}],"curies":[{"name":"wp","href":"https:\/\/api.w.org\/{rel}","templated":true}]}}