{"id":8201,"date":"2026-03-10T04:00:40","date_gmt":"2026-03-10T08:00:40","guid":{"rendered":"https:\/\/www.paysagesrossignol.com\/product\/laitue-red-salad-bowl\/"},"modified":"2026-05-04T10:52:33","modified_gmt":"2026-05-04T14:52:33","slug":"laitue-red-salad-bowl","status":"publish","type":"product","link":"https:\/\/www.paysagesrossignol.com\/en\/product\/laitue-red-salad-bowl\/","title":{"rendered":"Laitue Red Salad Bowl"},"content":{"rendered":"<h1>Voir disponibilit\u00e9 en magasin<\/h1>\n<p>Pour faire changement ainsi que pour ajouter un peu de beaut\u00e9 au plat de salade, essayez cette vari\u00e9t\u00e9 rouge bourgogne. Elle a des feuilles tr\u00e8s ondul\u00e9es et de grosses rosettes. Son go\u00fbt est d\u00e9licat, sans amertume et le plant est lent \u00e0 monter en graines. Id\u00e9al pour les contenants.<\/p>\n<p>50 jours \u00e0 la r\u00e9colte<\/p>\n<p>McKenzie<\/p>\n<p>&nbsp;<\/p>\n","protected":false},"excerpt":{"rendered":"<p>Voir disponibilit\u00e9 en magasin Pour faire changement ainsi que pour ajouter un peu de beaut\u00e9 au plat de salade, essayez cette vari\u00e9t\u00e9 rouge bourgogne. Elle a des feuilles tr\u00e8s ondul\u00e9es et de grosses rosettes. Son go\u00fbt est d\u00e9licat, sans amertume et le plant est lent \u00e0 monter en graines. Id\u00e9al pour les contenants. 50 jours [&hellip;]<\/p>\n","protected":false},"featured_media":8202,"comment_status":"closed","ping_status":"open","template":"","meta":{"_acf_changed":false,"_seopress_robots_primary_cat":"","_seopress_titles_title":"","_seopress_titles_desc":"","_seopress_robots_index":"","_seopress_analysis_target_kw":""},"product_brand":[],"product_cat":[31,39],"product_tag":[],"class_list":{"0":"post-8201","1":"product","2":"type-product","3":"status-publish","4":"has-post-thumbnail","6":"product_cat-amenagement-jardin","7":"product_cat-semence-potagere","9":"first","10":"instock","11":"taxable","12":"shipping-taxable","13":"purchasable","14":"product-type-simple"},"acf":[],"_links":{"self":[{"href":"https:\/\/www.paysagesrossignol.com\/en\/wp-json\/wp\/v2\/product\/8201","targetHints":{"allow":["GET"]}}],"collection":[{"href":"https:\/\/www.paysagesrossignol.com\/en\/wp-json\/wp\/v2\/product"}],"about":[{"href":"https:\/\/www.paysagesrossignol.com\/en\/wp-json\/wp\/v2\/types\/product"}],"replies":[{"embeddable":true,"href":"https:\/\/www.paysagesrossignol.com\/en\/wp-json\/wp\/v2\/comments?post=8201"}],"wp:featuredmedia":[{"embeddable":true,"href":"https:\/\/www.paysagesrossignol.com\/en\/wp-json\/wp\/v2\/media\/8202"}],"wp:attachment":[{"href":"https:\/\/www.paysagesrossignol.com\/en\/wp-json\/wp\/v2\/media?parent=8201"}],"wp:term":[{"taxonomy":"product_brand","embeddable":true,"href":"https:\/\/www.paysagesrossignol.com\/en\/wp-json\/wp\/v2\/product_brand?post=8201"},{"taxonomy":"product_cat","embeddable":true,"href":"https:\/\/www.paysagesrossignol.com\/en\/wp-json\/wp\/v2\/product_cat?post=8201"},{"taxonomy":"product_tag","embeddable":true,"href":"https:\/\/www.paysagesrossignol.com\/en\/wp-json\/wp\/v2\/product_tag?post=8201"}],"curies":[{"name":"wp","href":"https:\/\/api.w.org\/{rel}","templated":true}]}}