{"id":8204,"date":"2026-03-10T04:00:46","date_gmt":"2026-03-10T08:00:46","guid":{"rendered":"https:\/\/www.paysagesrossignol.com\/product\/concombre-morden-early\/"},"modified":"2026-05-04T10:52:34","modified_gmt":"2026-05-04T14:52:34","slug":"concombre-morden-early","status":"publish","type":"product","link":"https:\/\/www.paysagesrossignol.com\/en\/product\/concombre-morden-early\/","title":{"rendered":"Concombre Morden Early"},"content":{"rendered":"<h1>Voir disponibilit\u00e9 en magasin<\/h1>\n<p>Vari\u00e9t\u00e9 \u00e0 marinade produisant des concombres aux \u00e9pines blanches, de couleur vert moyen. Cette vari\u00e9t\u00e9 \u00e0 fruits arrondis ne demande pas beaucoup d&#8217;espace dans le potager.<\/p>\n<p>45 jours \u00e0 la r\u00e9colte<\/p>\n<p>McKenzie<\/p>\n<p>&nbsp;<\/p>\n","protected":false},"excerpt":{"rendered":"<p>Voir disponibilit\u00e9 en magasin Vari\u00e9t\u00e9 \u00e0 marinade produisant des concombres aux \u00e9pines blanches, de couleur vert moyen. Cette vari\u00e9t\u00e9 \u00e0 fruits arrondis ne demande pas beaucoup d&#8217;espace dans le potager. 45 jours \u00e0 la r\u00e9colte McKenzie &nbsp;<\/p>\n","protected":false},"featured_media":8205,"comment_status":"closed","ping_status":"open","template":"","meta":{"_acf_changed":false,"_seopress_robots_primary_cat":"","_seopress_titles_title":"","_seopress_titles_desc":"","_seopress_robots_index":"","_seopress_analysis_target_kw":""},"product_brand":[],"product_cat":[31,39],"product_tag":[],"class_list":{"0":"post-8204","1":"product","2":"type-product","3":"status-publish","4":"has-post-thumbnail","6":"product_cat-amenagement-jardin","7":"product_cat-semence-potagere","9":"first","10":"instock","11":"taxable","12":"shipping-taxable","13":"purchasable","14":"product-type-simple"},"acf":[],"_links":{"self":[{"href":"https:\/\/www.paysagesrossignol.com\/en\/wp-json\/wp\/v2\/product\/8204","targetHints":{"allow":["GET"]}}],"collection":[{"href":"https:\/\/www.paysagesrossignol.com\/en\/wp-json\/wp\/v2\/product"}],"about":[{"href":"https:\/\/www.paysagesrossignol.com\/en\/wp-json\/wp\/v2\/types\/product"}],"replies":[{"embeddable":true,"href":"https:\/\/www.paysagesrossignol.com\/en\/wp-json\/wp\/v2\/comments?post=8204"}],"wp:featuredmedia":[{"embeddable":true,"href":"https:\/\/www.paysagesrossignol.com\/en\/wp-json\/wp\/v2\/media\/8205"}],"wp:attachment":[{"href":"https:\/\/www.paysagesrossignol.com\/en\/wp-json\/wp\/v2\/media?parent=8204"}],"wp:term":[{"taxonomy":"product_brand","embeddable":true,"href":"https:\/\/www.paysagesrossignol.com\/en\/wp-json\/wp\/v2\/product_brand?post=8204"},{"taxonomy":"product_cat","embeddable":true,"href":"https:\/\/www.paysagesrossignol.com\/en\/wp-json\/wp\/v2\/product_cat?post=8204"},{"taxonomy":"product_tag","embeddable":true,"href":"https:\/\/www.paysagesrossignol.com\/en\/wp-json\/wp\/v2\/product_tag?post=8204"}],"curies":[{"name":"wp","href":"https:\/\/api.w.org\/{rel}","templated":true}]}}