{"id":8241,"date":"2026-03-10T04:00:55","date_gmt":"2026-03-10T08:00:55","guid":{"rendered":"https:\/\/www.paysagesrossignol.com\/product\/tomate-early-girl-hybride\/"},"modified":"2026-05-04T10:54:49","modified_gmt":"2026-05-04T14:54:49","slug":"tomate-early-girl-hybride","status":"publish","type":"product","link":"https:\/\/www.paysagesrossignol.com\/en\/product\/tomate-early-girl-hybride\/","title":{"rendered":"Tomate Early Girl Hybride"},"content":{"rendered":"<h1>Voir disponibilit\u00e9 en magasin<\/h1>\n<p>Early Girl produit des tomates fermes, rouge vif et charnues avec une saveur et un ar\u00f4me incroyables. Une des premi\u00e8res tomates \u00e0 produire. Profitez d&#8217;une r\u00e9colte abondante de tomates rondes de 170 \u00e0 198 grammes (6-7 oz) sur des plantes \u00e0 haut rendement. R\u00e9sistant aux maladies. Ind\u00e9termin\u00e9e &#8211; exige un tuteur. *apr\u00e8s la transplantation au jardin<\/p>\n<p>*54 jours \u00e0 la r\u00e9colte<\/p>\n<p>McKenzie<\/p>\n","protected":false},"excerpt":{"rendered":"<p>Voir disponibilit\u00e9 en magasin Early Girl produit des tomates fermes, rouge vif et charnues avec une saveur et un ar\u00f4me incroyables. Une des premi\u00e8res tomates \u00e0 produire. Profitez d&#8217;une r\u00e9colte abondante de tomates rondes de 170 \u00e0 198 grammes (6-7 oz) sur des plantes \u00e0 haut rendement. R\u00e9sistant aux maladies. Ind\u00e9termin\u00e9e &#8211; exige un tuteur. [&hellip;]<\/p>\n","protected":false},"featured_media":8242,"comment_status":"closed","ping_status":"open","template":"","meta":{"_acf_changed":false,"_seopress_robots_primary_cat":"","_seopress_titles_title":"","_seopress_titles_desc":"","_seopress_robots_index":"","_seopress_analysis_target_kw":""},"product_brand":[],"product_cat":[31,39],"product_tag":[],"class_list":{"0":"post-8241","1":"product","2":"type-product","3":"status-publish","4":"has-post-thumbnail","6":"product_cat-amenagement-jardin","7":"product_cat-semence-potagere","9":"first","10":"instock","11":"taxable","12":"shipping-taxable","13":"purchasable","14":"product-type-simple"},"acf":[],"_links":{"self":[{"href":"https:\/\/www.paysagesrossignol.com\/en\/wp-json\/wp\/v2\/product\/8241","targetHints":{"allow":["GET"]}}],"collection":[{"href":"https:\/\/www.paysagesrossignol.com\/en\/wp-json\/wp\/v2\/product"}],"about":[{"href":"https:\/\/www.paysagesrossignol.com\/en\/wp-json\/wp\/v2\/types\/product"}],"replies":[{"embeddable":true,"href":"https:\/\/www.paysagesrossignol.com\/en\/wp-json\/wp\/v2\/comments?post=8241"}],"wp:featuredmedia":[{"embeddable":true,"href":"https:\/\/www.paysagesrossignol.com\/en\/wp-json\/wp\/v2\/media\/8242"}],"wp:attachment":[{"href":"https:\/\/www.paysagesrossignol.com\/en\/wp-json\/wp\/v2\/media?parent=8241"}],"wp:term":[{"taxonomy":"product_brand","embeddable":true,"href":"https:\/\/www.paysagesrossignol.com\/en\/wp-json\/wp\/v2\/product_brand?post=8241"},{"taxonomy":"product_cat","embeddable":true,"href":"https:\/\/www.paysagesrossignol.com\/en\/wp-json\/wp\/v2\/product_cat?post=8241"},{"taxonomy":"product_tag","embeddable":true,"href":"https:\/\/www.paysagesrossignol.com\/en\/wp-json\/wp\/v2\/product_tag?post=8241"}],"curies":[{"name":"wp","href":"https:\/\/api.w.org\/{rel}","templated":true}]}}