{"id":8248,"date":"2026-03-10T04:00:02","date_gmt":"2026-03-10T08:00:02","guid":{"rendered":"https:\/\/www.paysagesrossignol.com\/product\/mais-sucre-early-sunglow-su\/"},"modified":"2026-05-04T10:54:52","modified_gmt":"2026-05-04T14:54:52","slug":"mais-sucre-early-sunglow-su","status":"publish","type":"product","link":"https:\/\/www.paysagesrossignol.com\/en\/product\/mais-sucre-early-sunglow-su\/","title":{"rendered":"Ma\u00efs Early Sunglow Hybride (SU)"},"content":{"rendered":"<h1>Voir disponibilit\u00e9 en magasin<\/h1>\n<p>Ce ma\u00efs sucr\u00e9 d\u00e9licieux est parfait pour la courte saison de croissance du Canada. Il produit des \u00e9pis uniformes de 18 cm de long avec 12 \u00e0 14 rang\u00e9es de grains tendres et charnus. Les tiges courtes de 1,2 m (4&#8242;) donnent 2 \u00e9pis. Semez-le en massif au lieu d&#8217;en longue rang\u00e9e pour aider \u00e0 la pollinisation. Cultiver \u00e0 une distance de 7,5 m (25&#8242;) de vari\u00e9t\u00e9s diff\u00e9rentes pour emp\u00eacher le croisement des vari\u00e9t\u00e9s. Contient de la terre diatmomaceuse.<\/p>\n<p>60-65 jours \u00e0 la r\u00e9colte<\/p>\n<p>McKenzie<\/p>\n<p>&nbsp;<\/p>\n","protected":false},"excerpt":{"rendered":"<p>Voir disponibilit\u00e9 en magasin Ce ma\u00efs sucr\u00e9 d\u00e9licieux est parfait pour la courte saison de croissance du Canada. Il produit des \u00e9pis uniformes de 18 cm de long avec 12 \u00e0 14 rang\u00e9es de grains tendres et charnus. Les tiges courtes de 1,2 m (4&#8242;) donnent 2 \u00e9pis. Semez-le en massif au lieu d&#8217;en longue [&hellip;]<\/p>\n","protected":false},"featured_media":8249,"comment_status":"closed","ping_status":"open","template":"","meta":{"_acf_changed":false,"_seopress_robots_primary_cat":"","_seopress_titles_title":"","_seopress_titles_desc":"","_seopress_robots_index":"","_seopress_analysis_target_kw":""},"product_brand":[],"product_cat":[31,39],"product_tag":[],"class_list":{"0":"post-8248","1":"product","2":"type-product","3":"status-publish","4":"has-post-thumbnail","6":"product_cat-amenagement-jardin","7":"product_cat-semence-potagere","9":"first","10":"instock","11":"taxable","12":"shipping-taxable","13":"purchasable","14":"product-type-simple"},"acf":[],"_links":{"self":[{"href":"https:\/\/www.paysagesrossignol.com\/en\/wp-json\/wp\/v2\/product\/8248","targetHints":{"allow":["GET"]}}],"collection":[{"href":"https:\/\/www.paysagesrossignol.com\/en\/wp-json\/wp\/v2\/product"}],"about":[{"href":"https:\/\/www.paysagesrossignol.com\/en\/wp-json\/wp\/v2\/types\/product"}],"replies":[{"embeddable":true,"href":"https:\/\/www.paysagesrossignol.com\/en\/wp-json\/wp\/v2\/comments?post=8248"}],"wp:featuredmedia":[{"embeddable":true,"href":"https:\/\/www.paysagesrossignol.com\/en\/wp-json\/wp\/v2\/media\/8249"}],"wp:attachment":[{"href":"https:\/\/www.paysagesrossignol.com\/en\/wp-json\/wp\/v2\/media?parent=8248"}],"wp:term":[{"taxonomy":"product_brand","embeddable":true,"href":"https:\/\/www.paysagesrossignol.com\/en\/wp-json\/wp\/v2\/product_brand?post=8248"},{"taxonomy":"product_cat","embeddable":true,"href":"https:\/\/www.paysagesrossignol.com\/en\/wp-json\/wp\/v2\/product_cat?post=8248"},{"taxonomy":"product_tag","embeddable":true,"href":"https:\/\/www.paysagesrossignol.com\/en\/wp-json\/wp\/v2\/product_tag?post=8248"}],"curies":[{"name":"wp","href":"https:\/\/api.w.org\/{rel}","templated":true}]}}