{"id":8270,"date":"2026-03-10T04:00:11","date_gmt":"2026-03-10T08:00:11","guid":{"rendered":"https:\/\/www.paysagesrossignol.com\/product\/citrouille-ez-gro-monster\/"},"modified":"2026-05-04T10:55:03","modified_gmt":"2026-05-04T14:55:03","slug":"citrouille-ez-gro-monster","status":"publish","type":"product","link":"https:\/\/www.paysagesrossignol.com\/en\/product\/citrouille-ez-gro-monster\/","title":{"rendered":"Citrouille EZ Gro Monster"},"content":{"rendered":"<h1>Voir disponibilit\u00e9 en magasin<\/h1>\n<p>Ces magnifiques citrouilles rondes orange vif \u00e0 \u00e9corce tendre peuvent atteindre 45 kg (100 lbs) ou plus! Laissez beaucoup d&#8217;espace pour que ces plantes puissent s&#8217;\u00e9tendre. Une humidit\u00e9 uniforme est essentielle dans le d\u00e9veloppement d&#8217;une grosse citrouille tout comme des applications r\u00e9guli\u00e8res de compost ou d&#8217;engrais \u00e0 mesure que la saison de croissance avance.<\/p>\n<p>125 jours \u00e0 la r\u00e9colte<\/p>\n<p>McKenzie<\/p>\n","protected":false},"excerpt":{"rendered":"<p>Voir disponibilit\u00e9 en magasin Ces magnifiques citrouilles rondes orange vif \u00e0 \u00e9corce tendre peuvent atteindre 45 kg (100 lbs) ou plus! Laissez beaucoup d&#8217;espace pour que ces plantes puissent s&#8217;\u00e9tendre. Une humidit\u00e9 uniforme est essentielle dans le d\u00e9veloppement d&#8217;une grosse citrouille tout comme des applications r\u00e9guli\u00e8res de compost ou d&#8217;engrais \u00e0 mesure que la saison [&hellip;]<\/p>\n","protected":false},"featured_media":8271,"comment_status":"closed","ping_status":"open","template":"","meta":{"_acf_changed":false,"_seopress_robots_primary_cat":"","_seopress_titles_title":"","_seopress_titles_desc":"","_seopress_robots_index":"","_seopress_analysis_target_kw":""},"product_brand":[],"product_cat":[31,39],"product_tag":[],"class_list":{"0":"post-8270","1":"product","2":"type-product","3":"status-publish","4":"has-post-thumbnail","6":"product_cat-amenagement-jardin","7":"product_cat-semence-potagere","9":"first","10":"instock","11":"taxable","12":"shipping-taxable","13":"purchasable","14":"product-type-simple"},"acf":[],"_links":{"self":[{"href":"https:\/\/www.paysagesrossignol.com\/en\/wp-json\/wp\/v2\/product\/8270","targetHints":{"allow":["GET"]}}],"collection":[{"href":"https:\/\/www.paysagesrossignol.com\/en\/wp-json\/wp\/v2\/product"}],"about":[{"href":"https:\/\/www.paysagesrossignol.com\/en\/wp-json\/wp\/v2\/types\/product"}],"replies":[{"embeddable":true,"href":"https:\/\/www.paysagesrossignol.com\/en\/wp-json\/wp\/v2\/comments?post=8270"}],"wp:featuredmedia":[{"embeddable":true,"href":"https:\/\/www.paysagesrossignol.com\/en\/wp-json\/wp\/v2\/media\/8271"}],"wp:attachment":[{"href":"https:\/\/www.paysagesrossignol.com\/en\/wp-json\/wp\/v2\/media?parent=8270"}],"wp:term":[{"taxonomy":"product_brand","embeddable":true,"href":"https:\/\/www.paysagesrossignol.com\/en\/wp-json\/wp\/v2\/product_brand?post=8270"},{"taxonomy":"product_cat","embeddable":true,"href":"https:\/\/www.paysagesrossignol.com\/en\/wp-json\/wp\/v2\/product_cat?post=8270"},{"taxonomy":"product_tag","embeddable":true,"href":"https:\/\/www.paysagesrossignol.com\/en\/wp-json\/wp\/v2\/product_tag?post=8270"}],"curies":[{"name":"wp","href":"https:\/\/api.w.org\/{rel}","templated":true}]}}