{"id":8274,"date":"2026-03-10T04:00:11","date_gmt":"2026-03-10T08:00:11","guid":{"rendered":"https:\/\/www.paysagesrossignol.com\/product\/mais-bodacious-se\/"},"modified":"2026-05-04T10:55:04","modified_gmt":"2026-05-04T14:55:04","slug":"mais-bodacious-se","status":"publish","type":"product","link":"https:\/\/www.paysagesrossignol.com\/en\/product\/mais-bodacious-se\/","title":{"rendered":"Ma\u00efs Hybride Bodacious (SE)"},"content":{"rendered":"<h1>Voir disponibilit\u00e9 en magasin<\/h1>\n<p>Ma\u00efs tr\u00e8s sucr\u00e9, jaune tendre, \u00e9pi de 20 cm (8&#8243;) de longueur. Absolument d\u00e9licieux. Consommer frais ou congeler pour plus tard. Tr\u00e8s bonne r\u00e9sistance aux maladies, incluant une immunit\u00e9 \u00e0 la rouille commune et \u00e0 la mosa\u00efque nanifiant. Plantez en carr\u00e9 plut\u00f4t qu&#8217;en un seul rang long pour favoriser la pollinisation. Cultiver \u00e0 une distance de 7,5 m (25&#8242;) de vari\u00e9t\u00e9s diff\u00e9rentes pour emp\u00eacher le croisement des vari\u00e9t\u00e9s. Contient de la terre diatmomaceuse.<\/p>\n<p>75 jours \u00e0 la r\u00e9colte<\/p>\n<p>McKenzie<\/p>\n<p>&nbsp;<\/p>\n","protected":false},"excerpt":{"rendered":"<p>Voir disponibilit\u00e9 en magasin Ma\u00efs tr\u00e8s sucr\u00e9, jaune tendre, \u00e9pi de 20 cm (8&#8243;) de longueur. Absolument d\u00e9licieux. Consommer frais ou congeler pour plus tard. Tr\u00e8s bonne r\u00e9sistance aux maladies, incluant une immunit\u00e9 \u00e0 la rouille commune et \u00e0 la mosa\u00efque nanifiant. Plantez en carr\u00e9 plut\u00f4t qu&#8217;en un seul rang long pour favoriser la pollinisation. [&hellip;]<\/p>\n","protected":false},"featured_media":8275,"comment_status":"closed","ping_status":"open","template":"","meta":{"_acf_changed":false,"_seopress_robots_primary_cat":"","_seopress_titles_title":"","_seopress_titles_desc":"","_seopress_robots_index":"","_seopress_analysis_target_kw":""},"product_brand":[],"product_cat":[31,39],"product_tag":[],"class_list":{"0":"post-8274","1":"product","2":"type-product","3":"status-publish","4":"has-post-thumbnail","6":"product_cat-amenagement-jardin","7":"product_cat-semence-potagere","9":"first","10":"instock","11":"taxable","12":"shipping-taxable","13":"purchasable","14":"product-type-simple"},"acf":[],"_links":{"self":[{"href":"https:\/\/www.paysagesrossignol.com\/en\/wp-json\/wp\/v2\/product\/8274","targetHints":{"allow":["GET"]}}],"collection":[{"href":"https:\/\/www.paysagesrossignol.com\/en\/wp-json\/wp\/v2\/product"}],"about":[{"href":"https:\/\/www.paysagesrossignol.com\/en\/wp-json\/wp\/v2\/types\/product"}],"replies":[{"embeddable":true,"href":"https:\/\/www.paysagesrossignol.com\/en\/wp-json\/wp\/v2\/comments?post=8274"}],"wp:featuredmedia":[{"embeddable":true,"href":"https:\/\/www.paysagesrossignol.com\/en\/wp-json\/wp\/v2\/media\/8275"}],"wp:attachment":[{"href":"https:\/\/www.paysagesrossignol.com\/en\/wp-json\/wp\/v2\/media?parent=8274"}],"wp:term":[{"taxonomy":"product_brand","embeddable":true,"href":"https:\/\/www.paysagesrossignol.com\/en\/wp-json\/wp\/v2\/product_brand?post=8274"},{"taxonomy":"product_cat","embeddable":true,"href":"https:\/\/www.paysagesrossignol.com\/en\/wp-json\/wp\/v2\/product_cat?post=8274"},{"taxonomy":"product_tag","embeddable":true,"href":"https:\/\/www.paysagesrossignol.com\/en\/wp-json\/wp\/v2\/product_tag?post=8274"}],"curies":[{"name":"wp","href":"https:\/\/api.w.org\/{rel}","templated":true}]}}