{"id":8300,"date":"2026-03-10T04:00:25","date_gmt":"2026-03-10T08:00:25","guid":{"rendered":"https:\/\/www.paysagesrossignol.com\/product\/thunbergie-ailee\/"},"modified":"2026-05-04T10:55:48","modified_gmt":"2026-05-04T14:55:48","slug":"thunbergie-ailee","status":"publish","type":"product","link":"https:\/\/www.paysagesrossignol.com\/en\/product\/thunbergie-ailee\/","title":{"rendered":"Thunbergie Black-Eyed Susan"},"content":{"rendered":"<h1>Voir disponibilit\u00e9 en magasin<\/h1>\n<p>Cette vigne se couvrira de petites fleurs en trompettes de 5 cm (2&#8243;). Id\u00e9ale pour le treillis, les cl\u00f4tures, les murets. Elle fait tout aussi bien dans les jardini\u00e8res. Pr\u00e9f\u00e8re les sols bien drain\u00e9 et les endroits ensoleill\u00e9s, mais \u00e0 l&#8217;abri des rayons direct du soleil. Annuelle. Thunbergia Alata<\/p>\n<p>53-63 jours \u00e0 la floraison<\/p>\n<p>McKenzie<\/p>\n<p>&nbsp;<\/p>\n<p>&nbsp;<\/p>\n","protected":false},"excerpt":{"rendered":"<p>Voir disponibilit\u00e9 en magasin Cette vigne se couvrira de petites fleurs en trompettes de 5 cm (2&#8243;). Id\u00e9ale pour le treillis, les cl\u00f4tures, les murets. Elle fait tout aussi bien dans les jardini\u00e8res. Pr\u00e9f\u00e8re les sols bien drain\u00e9 et les endroits ensoleill\u00e9s, mais \u00e0 l&#8217;abri des rayons direct du soleil. Annuelle. Thunbergia Alata 53-63 jours [&hellip;]<\/p>\n","protected":false},"featured_media":8301,"comment_status":"closed","ping_status":"open","template":"","meta":{"_acf_changed":false,"_seopress_robots_primary_cat":"","_seopress_titles_title":"","_seopress_titles_desc":"","_seopress_robots_index":"","_seopress_analysis_target_kw":""},"product_brand":[],"product_cat":[31,38],"product_tag":[],"class_list":{"0":"post-8300","1":"product","2":"type-product","3":"status-publish","4":"has-post-thumbnail","6":"product_cat-amenagement-jardin","7":"product_cat-semence-florale","9":"first","10":"instock","11":"taxable","12":"shipping-taxable","13":"purchasable","14":"product-type-simple"},"acf":[],"_links":{"self":[{"href":"https:\/\/www.paysagesrossignol.com\/en\/wp-json\/wp\/v2\/product\/8300","targetHints":{"allow":["GET"]}}],"collection":[{"href":"https:\/\/www.paysagesrossignol.com\/en\/wp-json\/wp\/v2\/product"}],"about":[{"href":"https:\/\/www.paysagesrossignol.com\/en\/wp-json\/wp\/v2\/types\/product"}],"replies":[{"embeddable":true,"href":"https:\/\/www.paysagesrossignol.com\/en\/wp-json\/wp\/v2\/comments?post=8300"}],"wp:featuredmedia":[{"embeddable":true,"href":"https:\/\/www.paysagesrossignol.com\/en\/wp-json\/wp\/v2\/media\/8301"}],"wp:attachment":[{"href":"https:\/\/www.paysagesrossignol.com\/en\/wp-json\/wp\/v2\/media?parent=8300"}],"wp:term":[{"taxonomy":"product_brand","embeddable":true,"href":"https:\/\/www.paysagesrossignol.com\/en\/wp-json\/wp\/v2\/product_brand?post=8300"},{"taxonomy":"product_cat","embeddable":true,"href":"https:\/\/www.paysagesrossignol.com\/en\/wp-json\/wp\/v2\/product_cat?post=8300"},{"taxonomy":"product_tag","embeddable":true,"href":"https:\/\/www.paysagesrossignol.com\/en\/wp-json\/wp\/v2\/product_tag?post=8300"}],"curies":[{"name":"wp","href":"https:\/\/api.w.org\/{rel}","templated":true}]}}